{"id":5559,"date":"2024-08-19T10:24:41","date_gmt":"2024-08-19T10:24:41","guid":{"rendered":"http:\/\/test.betarom-fastening.ro\/?post_type=product&#038;p=5559"},"modified":"2024-08-19T10:24:41","modified_gmt":"2024-08-19T10:24:41","slug":"%d0%bc%d0%b5%d0%bc%d0%b1%d1%80%d0%b0%d0%bd%d1%81%d0%ba%d0%b0-%d0%bf%d1%83%d0%bc%d0%bf%d0%b0-%d0%b7%d0%b0-3-%d0%b4%d0%be-12-%d0%b0%d0%bf%d0%bb%d0%b8%d0%ba%d0%b0%d1%82%d0%be%d1%80%d0%b0","status":"publish","type":"product","link":"https:\/\/betarom-fastening.ro\/sr\/produkt\/pompa-membranowa-dla-3-do-12-aplikatorow\/","title":{"rendered":"\u041c\u0435\u043c\u0431\u0440\u0430\u043d\u0441\u043a\u0430 \u043f\u0443\u043c\u043f\u0430 \u0437\u0430 3 \u0434\u043e 12 \u0430\u043f\u043b\u0438\u043a\u0430\u0442\u043e\u0440\u0430"},"content":{"rendered":"","protected":false},"excerpt":{"rendered":"Zasilanie spr\u0119\u017conym powietrzem, klej zasysany z beczki podawany do ruroci\u0105gu PP na hali produkcyjnej, dalej z kr\u00f3\u0107ca mi\u0119kkim przewodem do aplikatora\r\n\r\nPompa pracuje tylko w\u00f3wczas gdy klej jest pobierany, szczelna instalacja nie wymaga czyszczenia.\r\n\r\nAplikator po pracy i w trakcie przerw wystarczy zanurzy\u0107 w wodzie","protected":false},"featured_media":5439,"comment_status":"open","ping_status":"closed","template":"","meta":{"inline_featured_image":false},"product_brand":[],"product_cat":[402],"product_tag":[],"branze":[],"class_list":{"0":"post-5559","1":"product","2":"type-product","3":"status-publish","4":"has-post-thumbnail","6":"product_cat-pompy-do-kleju","8":"first","9":"instock","10":"shipping-taxable","11":"product-type-simple"},"acf":[],"_links":{"self":[{"href":"https:\/\/betarom-fastening.ro\/sr\/wp-json\/wp\/v2\/product\/5559","targetHints":{"allow":["GET"]}}],"collection":[{"href":"https:\/\/betarom-fastening.ro\/sr\/wp-json\/wp\/v2\/product"}],"about":[{"href":"https:\/\/betarom-fastening.ro\/sr\/wp-json\/wp\/v2\/types\/product"}],"replies":[{"embeddable":true,"href":"https:\/\/betarom-fastening.ro\/sr\/wp-json\/wp\/v2\/comments?post=5559"}],"wp:featuredmedia":[{"embeddable":true,"href":"https:\/\/betarom-fastening.ro\/sr\/wp-json\/wp\/v2\/media\/5439"}],"wp:attachment":[{"href":"https:\/\/betarom-fastening.ro\/sr\/wp-json\/wp\/v2\/media?parent=5559"}],"wp:term":[{"taxonomy":"product_brand","embeddable":true,"href":"https:\/\/betarom-fastening.ro\/sr\/wp-json\/wp\/v2\/product_brand?post=5559"},{"taxonomy":"product_cat","embeddable":true,"href":"https:\/\/betarom-fastening.ro\/sr\/wp-json\/wp\/v2\/product_cat?post=5559"},{"taxonomy":"product_tag","embeddable":true,"href":"https:\/\/betarom-fastening.ro\/sr\/wp-json\/wp\/v2\/product_tag?post=5559"},{"taxonomy":"branze","embeddable":true,"href":"https:\/\/betarom-fastening.ro\/sr\/wp-json\/wp\/v2\/branze?post=5559"}],"curies":[{"name":"\u0412\u041f","href":"https:\/\/api.w.org\/{rel}","templated":true}]}}