{"id":2024,"date":"2023-04-26T15:22:14","date_gmt":"2023-04-26T15:22:14","guid":{"rendered":"https:\/\/test.bizea.com.pl\/\/\/\/?post_type=product&#038;p=2024"},"modified":"2026-03-17T12:41:38","modified_gmt":"2026-03-17T12:41:38","slug":"%d0%bc%d0%b0%d1%88%d0%b8%d0%bd%d0%b0-%d0%b7%d0%b0-%d0%bf%d1%80%d0%b8%d1%87%d0%b2%d1%80%d1%88%d1%9b%d0%b8%d0%b2%d0%b0%d1%9a%d0%b5-%d0%bd%d0%b0%d0%b2%d1%80%d1%82%d0%ba%d0%b8-%d1%81%d0%b8%d0%b3%d0%bc","status":"publish","type":"product","link":"https:\/\/betarom-fastening.ro\/sr\/produkt\/maszyna-do-mocowania-nakretek-klowych-sigma\/","title":{"rendered":"\u0421\u0418\u0413\u041c\u0410 \u043c\u0430\u0448\u0438\u043d\u0430 \u0437\u0430 \u043f\u0440\u0438\u0447\u0432\u0440\u0448\u045b\u0438\u0432\u0430\u045a\u0435 \u043d\u0430\u0432\u0440\u0442\u043a\u0438"},"content":{"rendered":"","protected":false},"excerpt":{"rendered":"Wydajno\u015b\u0107 mocowania do 2 tysi\u0119cy sztuk na godzin\u0119.\r\nNakr\u0119tki zabezpieczone przed wypchni\u0119ciem, kowad\u0142o w maszynie wyposa\u017cone w trzpie\u0144 roznitowuj\u0105cy.\r\n\r\nGwarantowane prostopad\u0142e wbijanie nakr\u0119tek.\r\nPodw\u00f3jny system zabezpiecze\u0144.\r\nWibracyjny podajnik nakr\u0119tek (luzem) z elektroniczn\u0105 regulacj\u0105 i precyzyjn\u0105 listw\u0105 podaj\u0105c\u0105.\r\n<div class=\"wp-block-button\"><a class=\"wp-block-button__link wp-element-button\" href=\"https:\/\/betarom-fastening.ro\/system\/sigma.php\" target=\"_blank\" rel=\"noopener\">\u041d\u0430\u0440\u0443\u0447\u0438\u0442\u0435 \u0440\u0435\u0437\u0435\u0440\u0432\u043d\u0435 \u0434\u0435\u043b\u043e\u0432\u0435<\/a><\/div>","protected":false},"featured_media":2025,"comment_status":"open","ping_status":"closed","template":"","meta":{"inline_featured_image":false},"product_brand":[],"product_cat":[364,44,46],"product_tag":[],"branze":[],"class_list":{"0":"post-2024","1":"product","2":"type-product","3":"status-publish","4":"has-post-thumbnail","6":"product_cat-wbijarki-do-nakretek-klowych","7":"product_cat-nakretki_klowe","8":"product_cat-budowa_maszyn_","10":"first","11":"instock","12":"shipping-taxable","13":"product-type-simple"},"acf":[],"_links":{"self":[{"href":"https:\/\/betarom-fastening.ro\/sr\/wp-json\/wp\/v2\/product\/2024","targetHints":{"allow":["GET"]}}],"collection":[{"href":"https:\/\/betarom-fastening.ro\/sr\/wp-json\/wp\/v2\/product"}],"about":[{"href":"https:\/\/betarom-fastening.ro\/sr\/wp-json\/wp\/v2\/types\/product"}],"replies":[{"embeddable":true,"href":"https:\/\/betarom-fastening.ro\/sr\/wp-json\/wp\/v2\/comments?post=2024"}],"wp:featuredmedia":[{"embeddable":true,"href":"https:\/\/betarom-fastening.ro\/sr\/wp-json\/wp\/v2\/media\/2025"}],"wp:attachment":[{"href":"https:\/\/betarom-fastening.ro\/sr\/wp-json\/wp\/v2\/media?parent=2024"}],"wp:term":[{"taxonomy":"product_brand","embeddable":true,"href":"https:\/\/betarom-fastening.ro\/sr\/wp-json\/wp\/v2\/product_brand?post=2024"},{"taxonomy":"product_cat","embeddable":true,"href":"https:\/\/betarom-fastening.ro\/sr\/wp-json\/wp\/v2\/product_cat?post=2024"},{"taxonomy":"product_tag","embeddable":true,"href":"https:\/\/betarom-fastening.ro\/sr\/wp-json\/wp\/v2\/product_tag?post=2024"},{"taxonomy":"branze","embeddable":true,"href":"https:\/\/betarom-fastening.ro\/sr\/wp-json\/wp\/v2\/branze?post=2024"}],"curies":[{"name":"\u0412\u041f","href":"https:\/\/api.w.org\/{rel}","templated":true}]}}