{"id":2019,"date":"2023-04-26T15:16:33","date_gmt":"2023-04-26T15:16:33","guid":{"rendered":"https:\/\/test.bizea.com.pl\/\/\/\/?post_type=product&#038;p=2019"},"modified":"2023-04-26T15:23:06","modified_gmt":"2023-04-26T15:23:06","slug":"%d1%87%d0%b5%d1%99%d1%83%d1%81%d0%bd%d0%b5-%d0%bc%d0%b0%d1%82%d0%b8%d1%86%d0%b5-%d0%bd%d0%b0-%d0%bc%d0%b0%d1%88%d0%b8%d0%bd%d1%81%d0%ba%d0%b8-%d0%bf%d0%be%d0%b3%d0%be%d0%bd","status":"publish","type":"product","link":"https:\/\/betarom-fastening.ro\/sr\/produkt\/nakretki-klowe-do-wbijania-maszynowego\/","title":{"rendered":"\u0426\u0435\u043d\u0442\u0440\u0430\u043b\u043d\u0435 \u043c\u0430\u0442\u0438\u0446\u0435 \u0437\u0430 \u043c\u0430\u0448\u0438\u043d\u0441\u043a\u0443 \u0432\u043e\u0436\u045a\u0443"},"content":{"rendered":"","protected":false},"excerpt":{"rendered":"W ofercie posiadamy poni\u017csze typy nakr\u0119tek:\r\n\r\n&#8211; \u015arednica gwintu: M6; M8; M10\r\n&#8211; D\u0142ugo\u015b\u0107: 8mm; 9mm; 10mm; 11,5mm; 12mm; 15,7mm; 16mm; 17,5mm","protected":false},"featured_media":2021,"comment_status":"open","ping_status":"closed","template":"","meta":{"inline_featured_image":false},"product_brand":[],"product_cat":[44],"product_tag":[],"branze":[],"class_list":{"0":"post-2019","1":"product","2":"type-product","3":"status-publish","4":"has-post-thumbnail","6":"product_cat-nakretki_klowe","8":"first","9":"instock","10":"shipping-taxable","11":"product-type-simple"},"acf":[],"_links":{"self":[{"href":"https:\/\/betarom-fastening.ro\/sr\/wp-json\/wp\/v2\/product\/2019","targetHints":{"allow":["GET"]}}],"collection":[{"href":"https:\/\/betarom-fastening.ro\/sr\/wp-json\/wp\/v2\/product"}],"about":[{"href":"https:\/\/betarom-fastening.ro\/sr\/wp-json\/wp\/v2\/types\/product"}],"replies":[{"embeddable":true,"href":"https:\/\/betarom-fastening.ro\/sr\/wp-json\/wp\/v2\/comments?post=2019"}],"wp:featuredmedia":[{"embeddable":true,"href":"https:\/\/betarom-fastening.ro\/sr\/wp-json\/wp\/v2\/media\/2021"}],"wp:attachment":[{"href":"https:\/\/betarom-fastening.ro\/sr\/wp-json\/wp\/v2\/media?parent=2019"}],"wp:term":[{"taxonomy":"product_brand","embeddable":true,"href":"https:\/\/betarom-fastening.ro\/sr\/wp-json\/wp\/v2\/product_brand?post=2019"},{"taxonomy":"product_cat","embeddable":true,"href":"https:\/\/betarom-fastening.ro\/sr\/wp-json\/wp\/v2\/product_cat?post=2019"},{"taxonomy":"product_tag","embeddable":true,"href":"https:\/\/betarom-fastening.ro\/sr\/wp-json\/wp\/v2\/product_tag?post=2019"},{"taxonomy":"branze","embeddable":true,"href":"https:\/\/betarom-fastening.ro\/sr\/wp-json\/wp\/v2\/branze?post=2019"}],"curies":[{"name":"\u0412\u041f","href":"https:\/\/api.w.org\/{rel}","templated":true}]}}