{"id":158328,"date":"2026-03-17T12:38:09","date_gmt":"2026-03-17T12:38:09","guid":{"rendered":"https:\/\/betarom-fastening.ro\/?post_type=product&#038;p=158328"},"modified":"2026-03-17T12:38:09","modified_gmt":"2026-03-17T12:38:09","slug":"%d1%81%d0%b8%d0%b3%d0%bc%d0%b0-%d0%bf%d0%be%d1%98%d0%b0%d1%87%d0%b0%d0%bb%d0%be-%d1%81%d0%b0-%d0%b0%d1%83%d1%82%d0%be%d0%bc%d0%b0%d1%82%d1%81%d0%ba%d0%b8%d0%bc-%d0%b4%d0%be%d0%b4%d0%b0%d0%b2%d0%b0","status":"publish","type":"product","link":"https:\/\/betarom-fastening.ro\/sr\/produkt\/sigma-amp-z-automatycznym-podajnikiem-do-podkladek\/","title":{"rendered":"SIGMA-AMP \u0441\u0430 \u0430\u0443\u0442\u043e\u043c\u0430\u0442\u0441\u043a\u0438\u043c \u0434\u043e\u0434\u0430\u0432\u0430\u0447\u0435\u043c \u0458\u0430\u0441\u0442\u0443\u0447\u0438\u045b\u0430"},"content":{"rendered":"","protected":false},"excerpt":{"rendered":"Maszyna SIGMA do nabijania nakr\u0119tek z automatycznym podajnikiem do:\r\n\r\n\u2013 podk\u0142adek okr\u0105g\u0142ych 40 mm\r\n\u2013 podk\u0142adek kwadratowych 35\u00d735 mm","protected":false},"featured_media":158329,"comment_status":"open","ping_status":"closed","template":"","meta":{"inline_featured_image":false},"product_brand":[],"product_cat":[364,44],"product_tag":[],"branze":[],"class_list":{"0":"post-158328","1":"product","2":"type-product","3":"status-publish","4":"has-post-thumbnail","6":"product_cat-wbijarki-do-nakretek-klowych","7":"product_cat-nakretki_klowe","9":"first","10":"instock","11":"shipping-taxable","12":"product-type-simple"},"acf":[],"_links":{"self":[{"href":"https:\/\/betarom-fastening.ro\/sr\/wp-json\/wp\/v2\/product\/158328","targetHints":{"allow":["GET"]}}],"collection":[{"href":"https:\/\/betarom-fastening.ro\/sr\/wp-json\/wp\/v2\/product"}],"about":[{"href":"https:\/\/betarom-fastening.ro\/sr\/wp-json\/wp\/v2\/types\/product"}],"replies":[{"embeddable":true,"href":"https:\/\/betarom-fastening.ro\/sr\/wp-json\/wp\/v2\/comments?post=158328"}],"wp:featuredmedia":[{"embeddable":true,"href":"https:\/\/betarom-fastening.ro\/sr\/wp-json\/wp\/v2\/media\/158329"}],"wp:attachment":[{"href":"https:\/\/betarom-fastening.ro\/sr\/wp-json\/wp\/v2\/media?parent=158328"}],"wp:term":[{"taxonomy":"product_brand","embeddable":true,"href":"https:\/\/betarom-fastening.ro\/sr\/wp-json\/wp\/v2\/product_brand?post=158328"},{"taxonomy":"product_cat","embeddable":true,"href":"https:\/\/betarom-fastening.ro\/sr\/wp-json\/wp\/v2\/product_cat?post=158328"},{"taxonomy":"product_tag","embeddable":true,"href":"https:\/\/betarom-fastening.ro\/sr\/wp-json\/wp\/v2\/product_tag?post=158328"},{"taxonomy":"branze","embeddable":true,"href":"https:\/\/betarom-fastening.ro\/sr\/wp-json\/wp\/v2\/branze?post=158328"}],"curies":[{"name":"\u0412\u041f","href":"https:\/\/api.w.org\/{rel}","templated":true}]}}