{"id":5926,"date":"2025-03-03T11:30:48","date_gmt":"2025-03-03T11:30:48","guid":{"rendered":"https:\/\/betarom-fastening.ro\/?post_type=product&#038;p=5926"},"modified":"2025-10-06T10:34:59","modified_gmt":"2025-10-06T10:34:59","slug":"linie-cnc-automata-cubo-pentru-productia-de-elemente-spatiale-pentru-cadre-de-mobilier-tapitat","status":"publish","type":"product","link":"https:\/\/betarom-fastening.ro\/ro\/produkt\/automatyczna-linia-cubo-cnc-do-produkcji-przestrzennych-elementow-szkieletow-mebli-tapicerowanych\/","title":{"rendered":"Linie automat\u0103 CNC CUBO pentru produc\u021bia de elemente tridimensionale ale ramelor de mobilier tapi\u021bat"},"content":{"rendered":"","protected":false},"excerpt":{"rendered":"Cele mai importante caracteristici ale CUBO: Baterea elementelor \u00een 5 planuri \u2013 inclusiv din lateral Posibilitatea producerii simultane a dou\u0103 produse Orice num\u0103r de matri\u021be pentru produse diferite Echipare \u2013 cu 3 capsatoare modulare BeA Schimbare rapid\u0103 \u2013 schimbare u\u0219oar\u0103 a set\u0103rilor Operare de c\u0103tre o singur\u0103 persoan\u0103 \u2013 stivuire \u00een matri\u021b\u0103 Eficien\u021b\u0103 \u2013 \u00eenlocuie\u0219te munca a 6 p\u00e2n\u0103 la 8 persoane!","protected":false},"featured_media":5927,"comment_status":"open","ping_status":"closed","template":"","meta":{"inline_featured_image":false},"product_brand":[],"product_cat":[46],"product_tag":[],"branze":[],"class_list":{"0":"post-5926","1":"product","2":"type-product","3":"status-publish","4":"has-post-thumbnail","6":"product_cat-budowa_maszyn_","8":"first","9":"instock","10":"shipping-taxable","11":"product-type-simple"},"acf":[],"_links":{"self":[{"href":"https:\/\/betarom-fastening.ro\/ro\/wp-json\/wp\/v2\/product\/5926","targetHints":{"allow":["GET"]}}],"collection":[{"href":"https:\/\/betarom-fastening.ro\/ro\/wp-json\/wp\/v2\/product"}],"about":[{"href":"https:\/\/betarom-fastening.ro\/ro\/wp-json\/wp\/v2\/types\/product"}],"replies":[{"embeddable":true,"href":"https:\/\/betarom-fastening.ro\/ro\/wp-json\/wp\/v2\/comments?post=5926"}],"wp:featuredmedia":[{"embeddable":true,"href":"https:\/\/betarom-fastening.ro\/ro\/wp-json\/wp\/v2\/media\/5927"}],"wp:attachment":[{"href":"https:\/\/betarom-fastening.ro\/ro\/wp-json\/wp\/v2\/media?parent=5926"}],"wp:term":[{"taxonomy":"product_brand","embeddable":true,"href":"https:\/\/betarom-fastening.ro\/ro\/wp-json\/wp\/v2\/product_brand?post=5926"},{"taxonomy":"product_cat","embeddable":true,"href":"https:\/\/betarom-fastening.ro\/ro\/wp-json\/wp\/v2\/product_cat?post=5926"},{"taxonomy":"product_tag","embeddable":true,"href":"https:\/\/betarom-fastening.ro\/ro\/wp-json\/wp\/v2\/product_tag?post=5926"},{"taxonomy":"branze","embeddable":true,"href":"https:\/\/betarom-fastening.ro\/ro\/wp-json\/wp\/v2\/branze?post=5926"}],"curies":[{"name":"wp","href":"https:\/\/api.w.org\/{rel}","templated":true}]}}