{"id":5819,"date":"2025-01-19T18:49:50","date_gmt":"2025-01-19T18:49:50","guid":{"rendered":"https:\/\/betarom-fastening.ro\/?post_type=product&#038;p=5819"},"modified":"2025-01-19T18:49:50","modified_gmt":"2025-01-19T18:49:50","slug":"folii-elastice","status":"publish","type":"product","link":"https:\/\/betarom-fastening.ro\/ro\/produkt\/folie-stretch\/","title":{"rendered":"Folii elastice"},"content":{"rendered":"","protected":false},"excerpt":{"rendered":"Folia stretch este utilizat\u0103 pentru ambalarea, \u00eenf\u0103\u0219urarea \u0219i securizarea \u00eenc\u0103rc\u0103turilor paletizate. Poate fi utilizat\u0103 \u0219i pentru ambalarea coletelor mai mici \u0219i a articolelor vrac. \u2013 Durabil\u0103 \u0219i flexibil\u0103 \u2013 ideal\u0103 pentru ambalaje eficiente \u0219i durabile. \u2013 Aderen\u021b\u0103 puternic\u0103 \u2013 ader\u0103 perfect la articolele ambalate, oferind o acoperire excelent\u0103. \u2013 Gam\u0103 larg\u0103 de op\u021biuni: folii manuale \u0219i mecanice, pe baz\u0103 de tuburi \u0219i f\u0103r\u0103 tuburi, diverse dimensiuni \u0219i greut\u0103\u021bi \u0219i culori: transparent\u0103 \u0219i neagr\u0103.","protected":false},"featured_media":5820,"comment_status":"open","ping_status":"closed","template":"","meta":{"inline_featured_image":false},"product_brand":[],"product_cat":[418],"product_tag":[],"branze":[],"class_list":{"0":"post-5819","1":"product","2":"type-product","3":"status-publish","4":"has-post-thumbnail","6":"product_cat-folie-stretch","8":"first","9":"instock","10":"shipping-taxable","11":"product-type-simple"},"acf":[],"_links":{"self":[{"href":"https:\/\/betarom-fastening.ro\/ro\/wp-json\/wp\/v2\/product\/5819","targetHints":{"allow":["GET"]}}],"collection":[{"href":"https:\/\/betarom-fastening.ro\/ro\/wp-json\/wp\/v2\/product"}],"about":[{"href":"https:\/\/betarom-fastening.ro\/ro\/wp-json\/wp\/v2\/types\/product"}],"replies":[{"embeddable":true,"href":"https:\/\/betarom-fastening.ro\/ro\/wp-json\/wp\/v2\/comments?post=5819"}],"wp:featuredmedia":[{"embeddable":true,"href":"https:\/\/betarom-fastening.ro\/ro\/wp-json\/wp\/v2\/media\/5820"}],"wp:attachment":[{"href":"https:\/\/betarom-fastening.ro\/ro\/wp-json\/wp\/v2\/media?parent=5819"}],"wp:term":[{"taxonomy":"product_brand","embeddable":true,"href":"https:\/\/betarom-fastening.ro\/ro\/wp-json\/wp\/v2\/product_brand?post=5819"},{"taxonomy":"product_cat","embeddable":true,"href":"https:\/\/betarom-fastening.ro\/ro\/wp-json\/wp\/v2\/product_cat?post=5819"},{"taxonomy":"product_tag","embeddable":true,"href":"https:\/\/betarom-fastening.ro\/ro\/wp-json\/wp\/v2\/product_tag?post=5819"},{"taxonomy":"branze","embeddable":true,"href":"https:\/\/betarom-fastening.ro\/ro\/wp-json\/wp\/v2\/branze?post=5819"}],"curies":[{"name":"wp","href":"https:\/\/api.w.org\/{rel}","templated":true}]}}