{"id":5624,"date":"2024-11-13T13:29:22","date_gmt":"2024-11-13T13:29:22","guid":{"rendered":"http:\/\/test.betarom-fastening.ro\/?post_type=product&#038;p=5624"},"modified":"2024-11-28T10:10:44","modified_gmt":"2024-11-28T10:10:44","slug":"lama-de-ferastrau-sabie-pentru-taierea-metal-si-lemn","status":"publish","type":"product","link":"https:\/\/betarom-fastening.ro\/ro\/produkt\/brzeszczot-do-pily-szablastej-do-ciecia-metalu-i-drewna\/","title":{"rendered":"P\u00e2nz\u0103 de fer\u0103str\u0103u alternativ pentru t\u0103ierea metalului \u0219i a lemnului"},"content":{"rendered":"","protected":false},"excerpt":{"rendered":"Uniwersalny brzeszczot do pi\u0142y szablastej tzw. lisi ogon, wykonany z wytrzyma\u0142ego Bi-metalu z dodatkiem kobaltu.\r\n\r\nIdealny do naprawy palet, z \u0142atwo\u015bci\u0105 tnie drewno i metal.\r\n\r\nSolidny materia\u0142 zapewnia d\u0142ug\u0105 \u017cywotno\u015b\u0107 nawet podczas intensywnego u\u017cytkowania. Uchwyt typu S sprawia, \u017ce pasuje do wi\u0119kszo\u015bci narz\u0119dzi dost\u0119pnych na rynku.","protected":false},"featured_media":5623,"comment_status":"open","ping_status":"closed","template":"","meta":{"inline_featured_image":false},"product_brand":[],"product_cat":[417],"product_tag":[],"branze":[],"class_list":{"0":"post-5624","1":"product","2":"type-product","3":"status-publish","4":"has-post-thumbnail","6":"product_cat-brzeszczoty","8":"first","9":"instock","10":"shipping-taxable","11":"product-type-simple"},"acf":[],"_links":{"self":[{"href":"https:\/\/betarom-fastening.ro\/ro\/wp-json\/wp\/v2\/product\/5624","targetHints":{"allow":["GET"]}}],"collection":[{"href":"https:\/\/betarom-fastening.ro\/ro\/wp-json\/wp\/v2\/product"}],"about":[{"href":"https:\/\/betarom-fastening.ro\/ro\/wp-json\/wp\/v2\/types\/product"}],"replies":[{"embeddable":true,"href":"https:\/\/betarom-fastening.ro\/ro\/wp-json\/wp\/v2\/comments?post=5624"}],"wp:featuredmedia":[{"embeddable":true,"href":"https:\/\/betarom-fastening.ro\/ro\/wp-json\/wp\/v2\/media\/5623"}],"wp:attachment":[{"href":"https:\/\/betarom-fastening.ro\/ro\/wp-json\/wp\/v2\/media?parent=5624"}],"wp:term":[{"taxonomy":"product_brand","embeddable":true,"href":"https:\/\/betarom-fastening.ro\/ro\/wp-json\/wp\/v2\/product_brand?post=5624"},{"taxonomy":"product_cat","embeddable":true,"href":"https:\/\/betarom-fastening.ro\/ro\/wp-json\/wp\/v2\/product_cat?post=5624"},{"taxonomy":"product_tag","embeddable":true,"href":"https:\/\/betarom-fastening.ro\/ro\/wp-json\/wp\/v2\/product_tag?post=5624"},{"taxonomy":"branze","embeddable":true,"href":"https:\/\/betarom-fastening.ro\/ro\/wp-json\/wp\/v2\/branze?post=5624"}],"curies":[{"name":"wp","href":"https:\/\/api.w.org\/{rel}","templated":true}]}}