{"id":5577,"date":"2024-09-24T11:37:27","date_gmt":"2024-09-24T11:37:27","guid":{"rendered":"http:\/\/test.betarom-fastening.ro\/?post_type=product&#038;p=5577"},"modified":"2024-11-14T10:51:56","modified_gmt":"2024-11-14T10:51:56","slug":"capsator-pneumatic-fixare-folie-bea-340c","status":"publish","type":"product","link":"https:\/\/betarom-fastening.ro\/ro\/produkt\/zszywacz-pneumatyczny-do-mocowania-folii-bea-340c\/","title":{"rendered":"Capsator pneumatic BeA 340C pentru atasarea foliei"},"content":{"rendered":"","protected":false},"excerpt":{"rendered":"Specjalny zszywacz pneumatyczny do mocowania folii, zastosowania:\r\n\r\n\u2013 budownictwo,\r\n\u2013 opakowania drewniane,\r\n\u2013 i wsz\u0119dzie tam gdzie trzeba dobrze przymocowa\u0107 folie, papier lub tkanin\u0119","protected":false},"featured_media":5579,"comment_status":"open","ping_status":"closed","template":"","meta":{"inline_featured_image":false},"product_brand":[],"product_cat":[358],"product_tag":[],"branze":[],"class_list":{"0":"post-5577","1":"product","2":"type-product","3":"status-publish","4":"has-post-thumbnail","6":"product_cat-zszywacze_","8":"first","9":"instock","10":"shipping-taxable","11":"product-type-simple"},"acf":[],"_links":{"self":[{"href":"https:\/\/betarom-fastening.ro\/ro\/wp-json\/wp\/v2\/product\/5577","targetHints":{"allow":["GET"]}}],"collection":[{"href":"https:\/\/betarom-fastening.ro\/ro\/wp-json\/wp\/v2\/product"}],"about":[{"href":"https:\/\/betarom-fastening.ro\/ro\/wp-json\/wp\/v2\/types\/product"}],"replies":[{"embeddable":true,"href":"https:\/\/betarom-fastening.ro\/ro\/wp-json\/wp\/v2\/comments?post=5577"}],"wp:featuredmedia":[{"embeddable":true,"href":"https:\/\/betarom-fastening.ro\/ro\/wp-json\/wp\/v2\/media\/5579"}],"wp:attachment":[{"href":"https:\/\/betarom-fastening.ro\/ro\/wp-json\/wp\/v2\/media?parent=5577"}],"wp:term":[{"taxonomy":"product_brand","embeddable":true,"href":"https:\/\/betarom-fastening.ro\/ro\/wp-json\/wp\/v2\/product_brand?post=5577"},{"taxonomy":"product_cat","embeddable":true,"href":"https:\/\/betarom-fastening.ro\/ro\/wp-json\/wp\/v2\/product_cat?post=5577"},{"taxonomy":"product_tag","embeddable":true,"href":"https:\/\/betarom-fastening.ro\/ro\/wp-json\/wp\/v2\/product_tag?post=5577"},{"taxonomy":"branze","embeddable":true,"href":"https:\/\/betarom-fastening.ro\/ro\/wp-json\/wp\/v2\/branze?post=5577"}],"curies":[{"name":"wp","href":"https:\/\/api.w.org\/{rel}","templated":true}]}}