{"id":5499,"date":"2024-08-06T13:51:10","date_gmt":"2024-08-06T13:51:10","guid":{"rendered":"http:\/\/test.betarom-fastening.ro\/?post_type=product&#038;p=5499"},"modified":"2024-08-06T15:51:28","modified_gmt":"2024-08-06T15:51:28","slug":"adeziv-termofuzibil-hm-660-43","status":"publish","type":"product","link":"https:\/\/betarom-fastening.ro\/ro\/produkt\/klej-termotopliwy-hm-660-43\/","title":{"rendered":"Adeziv termofuzibil HM 660\/43"},"content":{"rendered":"","protected":false},"excerpt":{"rendered":"Do tworzyw sztucznych, metali, szk\u0142a i ceramiki.\r\n\r\nKlej w kolorze \u017c\u00f3\u0142tym, EVA, d\u0142ugi czas otwarty. Wysokiej jako\u015bci spoiwo zapewnia wytrzyma\u0142e i spr\u0119\u017cyste po\u0142\u0105czenie \u201etrudnych\u201d materia\u0142\u00f3w.","protected":false},"featured_media":5530,"comment_status":"open","ping_status":"closed","template":"","meta":{"inline_featured_image":false},"product_brand":[],"product_cat":[405,406],"product_tag":[],"branze":[],"class_list":{"0":"post-5499","1":"product","2":"type-product","3":"status-publish","4":"has-post-thumbnail","6":"product_cat-produkty-z-drewna","7":"product_cat-rozne-materialy","9":"first","10":"instock","11":"shipping-taxable","12":"product-type-simple"},"acf":[],"_links":{"self":[{"href":"https:\/\/betarom-fastening.ro\/ro\/wp-json\/wp\/v2\/product\/5499","targetHints":{"allow":["GET"]}}],"collection":[{"href":"https:\/\/betarom-fastening.ro\/ro\/wp-json\/wp\/v2\/product"}],"about":[{"href":"https:\/\/betarom-fastening.ro\/ro\/wp-json\/wp\/v2\/types\/product"}],"replies":[{"embeddable":true,"href":"https:\/\/betarom-fastening.ro\/ro\/wp-json\/wp\/v2\/comments?post=5499"}],"wp:featuredmedia":[{"embeddable":true,"href":"https:\/\/betarom-fastening.ro\/ro\/wp-json\/wp\/v2\/media\/5530"}],"wp:attachment":[{"href":"https:\/\/betarom-fastening.ro\/ro\/wp-json\/wp\/v2\/media?parent=5499"}],"wp:term":[{"taxonomy":"product_brand","embeddable":true,"href":"https:\/\/betarom-fastening.ro\/ro\/wp-json\/wp\/v2\/product_brand?post=5499"},{"taxonomy":"product_cat","embeddable":true,"href":"https:\/\/betarom-fastening.ro\/ro\/wp-json\/wp\/v2\/product_cat?post=5499"},{"taxonomy":"product_tag","embeddable":true,"href":"https:\/\/betarom-fastening.ro\/ro\/wp-json\/wp\/v2\/product_tag?post=5499"},{"taxonomy":"branze","embeddable":true,"href":"https:\/\/betarom-fastening.ro\/ro\/wp-json\/wp\/v2\/branze?post=5499"}],"curies":[{"name":"wp","href":"https:\/\/api.w.org\/{rel}","templated":true}]}}