{"id":5497,"date":"2024-08-06T13:49:05","date_gmt":"2024-08-06T13:49:05","guid":{"rendered":"http:\/\/test.betarom-fastening.ro\/?post_type=product&#038;p=5497"},"modified":"2024-08-06T15:48:02","modified_gmt":"2024-08-06T15:48:02","slug":"adeziv-termofuzibil-hm-642-43","status":"publish","type":"product","link":"https:\/\/betarom-fastening.ro\/ro\/produkt\/klej-termotopliwy-hm-642-43\/","title":{"rendered":"Adeziv termofuzibil HM 642\/43"},"content":{"rendered":"","protected":false},"excerpt":{"rendered":"Do drewna, materia\u0142\u00f3w drewnopochodnych oraz tworzyw sztucznych.\r\n\r\nKlej w kolorze jasnobe\u017cowym, WVA, d\u0142ugi czas otwarty, wysoka jako\u015b\u0107 spoiwa.","protected":false},"featured_media":5528,"comment_status":"open","ping_status":"closed","template":"","meta":{"inline_featured_image":false},"product_brand":[],"product_cat":[405,406],"product_tag":[],"branze":[],"class_list":{"0":"post-5497","1":"product","2":"type-product","3":"status-publish","4":"has-post-thumbnail","6":"product_cat-produkty-z-drewna","7":"product_cat-rozne-materialy","9":"first","10":"instock","11":"shipping-taxable","12":"product-type-simple"},"acf":[],"_links":{"self":[{"href":"https:\/\/betarom-fastening.ro\/ro\/wp-json\/wp\/v2\/product\/5497","targetHints":{"allow":["GET"]}}],"collection":[{"href":"https:\/\/betarom-fastening.ro\/ro\/wp-json\/wp\/v2\/product"}],"about":[{"href":"https:\/\/betarom-fastening.ro\/ro\/wp-json\/wp\/v2\/types\/product"}],"replies":[{"embeddable":true,"href":"https:\/\/betarom-fastening.ro\/ro\/wp-json\/wp\/v2\/comments?post=5497"}],"wp:featuredmedia":[{"embeddable":true,"href":"https:\/\/betarom-fastening.ro\/ro\/wp-json\/wp\/v2\/media\/5528"}],"wp:attachment":[{"href":"https:\/\/betarom-fastening.ro\/ro\/wp-json\/wp\/v2\/media?parent=5497"}],"wp:term":[{"taxonomy":"product_brand","embeddable":true,"href":"https:\/\/betarom-fastening.ro\/ro\/wp-json\/wp\/v2\/product_brand?post=5497"},{"taxonomy":"product_cat","embeddable":true,"href":"https:\/\/betarom-fastening.ro\/ro\/wp-json\/wp\/v2\/product_cat?post=5497"},{"taxonomy":"product_tag","embeddable":true,"href":"https:\/\/betarom-fastening.ro\/ro\/wp-json\/wp\/v2\/product_tag?post=5497"},{"taxonomy":"branze","embeddable":true,"href":"https:\/\/betarom-fastening.ro\/ro\/wp-json\/wp\/v2\/branze?post=5497"}],"curies":[{"name":"wp","href":"https:\/\/api.w.org\/{rel}","templated":true}]}}