{"id":5480,"date":"2024-08-06T13:34:42","date_gmt":"2024-08-06T13:34:42","guid":{"rendered":"http:\/\/test.betarom-fastening.ro\/?post_type=product&#038;p=5480"},"modified":"2024-08-06T15:13:20","modified_gmt":"2024-08-06T15:13:20","slug":"adeziv-terpit-hm-542-43","status":"publish","type":"product","link":"https:\/\/betarom-fastening.ro\/ro\/produkt\/klej-termotopliwy-hm-542-43\/","title":{"rendered":"Adeziv termofuzibil HM 542\/43"},"content":{"rendered":"","protected":false},"excerpt":{"rendered":"Do \u0142\u0105czenia materia\u0142\u00f3w papierowych, p\u0142yt drewnopochodnych oraz szybkich po\u0142\u0105cze\u0144 punktowych i liniowych.\r\n\r\nKlej w kolorze bia\u0142ym, EVA, szybkowi\u0105\u017c\u0105cy, o du\u017cej lepko\u015bci, najmniej wonny w stanie p\u0142ynnym. Znajdzie zastosowanie przy produkcji i pakowaniu ci\u0119\u017ckich pude\u0142, mocowaniu przewod\u00f3w i kabli oraz przy technologicznych po\u0142\u0105czeniach zast\u0119puj\u0105cych \u015bcisk. Du\u017ca lepko\u015b\u0107 kleju powoduje zredukowanie wydajno\u015bci (g\u0119sty klej trudniej wyp\u0142ywa) st\u0105d wymaganie stosowania profesjonalnych pistolet\u00f3w klejowych.","protected":false},"featured_media":5512,"comment_status":"open","ping_status":"closed","template":"","meta":{"inline_featured_image":false},"product_brand":[],"product_cat":[404,405,406],"product_tag":[],"branze":[],"class_list":{"0":"post-5480","1":"product","2":"type-product","3":"status-publish","4":"has-post-thumbnail","6":"product_cat-opakowania","7":"product_cat-produkty-z-drewna","8":"product_cat-rozne-materialy","10":"first","11":"instock","12":"shipping-taxable","13":"product-type-simple"},"acf":[],"_links":{"self":[{"href":"https:\/\/betarom-fastening.ro\/ro\/wp-json\/wp\/v2\/product\/5480","targetHints":{"allow":["GET"]}}],"collection":[{"href":"https:\/\/betarom-fastening.ro\/ro\/wp-json\/wp\/v2\/product"}],"about":[{"href":"https:\/\/betarom-fastening.ro\/ro\/wp-json\/wp\/v2\/types\/product"}],"replies":[{"embeddable":true,"href":"https:\/\/betarom-fastening.ro\/ro\/wp-json\/wp\/v2\/comments?post=5480"}],"wp:featuredmedia":[{"embeddable":true,"href":"https:\/\/betarom-fastening.ro\/ro\/wp-json\/wp\/v2\/media\/5512"}],"wp:attachment":[{"href":"https:\/\/betarom-fastening.ro\/ro\/wp-json\/wp\/v2\/media?parent=5480"}],"wp:term":[{"taxonomy":"product_brand","embeddable":true,"href":"https:\/\/betarom-fastening.ro\/ro\/wp-json\/wp\/v2\/product_brand?post=5480"},{"taxonomy":"product_cat","embeddable":true,"href":"https:\/\/betarom-fastening.ro\/ro\/wp-json\/wp\/v2\/product_cat?post=5480"},{"taxonomy":"product_tag","embeddable":true,"href":"https:\/\/betarom-fastening.ro\/ro\/wp-json\/wp\/v2\/product_tag?post=5480"},{"taxonomy":"branze","embeddable":true,"href":"https:\/\/betarom-fastening.ro\/ro\/wp-json\/wp\/v2\/branze?post=5480"}],"curies":[{"name":"wp","href":"https:\/\/api.w.org\/{rel}","templated":true}]}}