{"id":5412,"date":"2024-08-05T16:31:16","date_gmt":"2024-08-05T16:31:16","guid":{"rendered":"http:\/\/test.betarom-fastening.ro\/?post_type=product&#038;p=5412"},"modified":"2025-07-29T14:15:12","modified_gmt":"2025-07-29T14:15:12","slug":"strapping-pp","status":"publish","type":"product","link":"https:\/\/betarom-fastening.ro\/ro\/produkt\/tasmy-spinajace-pp\/","title":{"rendered":"Benzi de prindere din PP"},"content":{"rendered":"","protected":false},"excerpt":{"rendered":"<strong>Banda PP<\/strong>\u00a0Pentru fixarea \u0219i stabilizarea \u00eenc\u0103rc\u0103turilor pe pale\u021bi, \u00eenchiderea cutiilor de carton \u0219i fixarea elementelor din lemn, plastic \u0219i metal. \u2022 Fabricat din polipropilen\u0103 \u2013 un plastic durabil \u0219i rezistent. \u2022 Durabil \u2013 permite o tensiune ridicat\u0103 f\u0103r\u0103 a sl\u0103bi sarcina \u00een timpul transportului. \u2022 U\u0219or de utilizat \u2013 poate fi conectat cu catarame folosind un \u00eentinz\u0103tor. \u2022 Sigilabil la cald. \u2022 Fabricat \u00een Polonia. \u2022 Con\u021bine 20-30 tone \u0219i jum\u0103tate de materie prim\u0103 reciclat\u0103.","protected":false},"featured_media":42667,"comment_status":"open","ping_status":"closed","template":"","meta":{"inline_featured_image":false},"product_brand":[],"product_cat":[386],"product_tag":[],"branze":[],"class_list":{"0":"post-5412","1":"product","2":"type-product","3":"status-publish","4":"has-post-thumbnail","6":"product_cat-tasmy-spinajace-pp-i-akcesoria","8":"first","9":"instock","10":"shipping-taxable","11":"product-type-simple"},"acf":[],"_links":{"self":[{"href":"https:\/\/betarom-fastening.ro\/ro\/wp-json\/wp\/v2\/product\/5412","targetHints":{"allow":["GET"]}}],"collection":[{"href":"https:\/\/betarom-fastening.ro\/ro\/wp-json\/wp\/v2\/product"}],"about":[{"href":"https:\/\/betarom-fastening.ro\/ro\/wp-json\/wp\/v2\/types\/product"}],"replies":[{"embeddable":true,"href":"https:\/\/betarom-fastening.ro\/ro\/wp-json\/wp\/v2\/comments?post=5412"}],"wp:featuredmedia":[{"embeddable":true,"href":"https:\/\/betarom-fastening.ro\/ro\/wp-json\/wp\/v2\/media\/42667"}],"wp:attachment":[{"href":"https:\/\/betarom-fastening.ro\/ro\/wp-json\/wp\/v2\/media?parent=5412"}],"wp:term":[{"taxonomy":"product_brand","embeddable":true,"href":"https:\/\/betarom-fastening.ro\/ro\/wp-json\/wp\/v2\/product_brand?post=5412"},{"taxonomy":"product_cat","embeddable":true,"href":"https:\/\/betarom-fastening.ro\/ro\/wp-json\/wp\/v2\/product_cat?post=5412"},{"taxonomy":"product_tag","embeddable":true,"href":"https:\/\/betarom-fastening.ro\/ro\/wp-json\/wp\/v2\/product_tag?post=5412"},{"taxonomy":"branze","embeddable":true,"href":"https:\/\/betarom-fastening.ro\/ro\/wp-json\/wp\/v2\/branze?post=5412"}],"curies":[{"name":"wp","href":"https:\/\/api.w.org\/{rel}","templated":true}]}}