{"id":42658,"date":"2025-06-02T13:13:53","date_gmt":"2025-06-02T13:13:53","guid":{"rendered":"https:\/\/betarom-fastening.ro\/?post_type=product&#038;p=42658"},"modified":"2025-06-02T14:23:57","modified_gmt":"2025-06-02T14:23:57","slug":"masini-de-legat-cu-banda-pe-baterii","status":"publish","type":"product","link":"https:\/\/betarom-fastening.ro\/ro\/produkt\/bandownice-akumulatorowe\/","title":{"rendered":"Ma\u0219ini de legat banda cu baterii"},"content":{"rendered":"","protected":false},"excerpt":{"rendered":"Ma\u0219inile de legat banda industriale universale BIZON BA 60 \u0219i BA 70 sunt unelte manuale practice \u0219i fiabile pentru legarea sarcinilor folosind banda PETiPP. Echipate cu o baterie Bosch, acestea pot efectua p\u00e2n\u0103 la 400 de cicluri de legare cu o singur\u0103 \u00eenc\u0103rcare. Sunt u\u0219oare \u0219i confortabile, astfel \u00eenc\u00e2t nu suprasolicit\u0103 operatorul \u00een timpul utiliz\u0103rii prelungite.","protected":false},"featured_media":42660,"comment_status":"open","ping_status":"closed","template":"","meta":{"inline_featured_image":false},"product_brand":[],"product_cat":[386],"product_tag":[],"branze":[],"class_list":{"0":"post-42658","1":"product","2":"type-product","3":"status-publish","4":"has-post-thumbnail","6":"product_cat-tasmy-spinajace-pp-i-akcesoria","8":"first","9":"instock","10":"shipping-taxable","11":"product-type-simple"},"acf":[],"_links":{"self":[{"href":"https:\/\/betarom-fastening.ro\/ro\/wp-json\/wp\/v2\/product\/42658","targetHints":{"allow":["GET"]}}],"collection":[{"href":"https:\/\/betarom-fastening.ro\/ro\/wp-json\/wp\/v2\/product"}],"about":[{"href":"https:\/\/betarom-fastening.ro\/ro\/wp-json\/wp\/v2\/types\/product"}],"replies":[{"embeddable":true,"href":"https:\/\/betarom-fastening.ro\/ro\/wp-json\/wp\/v2\/comments?post=42658"}],"wp:featuredmedia":[{"embeddable":true,"href":"https:\/\/betarom-fastening.ro\/ro\/wp-json\/wp\/v2\/media\/42660"}],"wp:attachment":[{"href":"https:\/\/betarom-fastening.ro\/ro\/wp-json\/wp\/v2\/media?parent=42658"}],"wp:term":[{"taxonomy":"product_brand","embeddable":true,"href":"https:\/\/betarom-fastening.ro\/ro\/wp-json\/wp\/v2\/product_brand?post=42658"},{"taxonomy":"product_cat","embeddable":true,"href":"https:\/\/betarom-fastening.ro\/ro\/wp-json\/wp\/v2\/product_cat?post=42658"},{"taxonomy":"product_tag","embeddable":true,"href":"https:\/\/betarom-fastening.ro\/ro\/wp-json\/wp\/v2\/product_tag?post=42658"},{"taxonomy":"branze","embeddable":true,"href":"https:\/\/betarom-fastening.ro\/ro\/wp-json\/wp\/v2\/branze?post=42658"}],"curies":[{"name":"wp","href":"https:\/\/api.w.org\/{rel}","templated":true}]}}