{"id":42651,"date":"2025-06-02T13:11:05","date_gmt":"2025-06-02T13:11:05","guid":{"rendered":"https:\/\/betarom-fastening.ro\/?post_type=product&#038;p=42651"},"modified":"2025-06-02T13:23:08","modified_gmt":"2025-06-02T13:23:08","slug":"benzi-pentru-animale-de-companie","status":"publish","type":"product","link":"https:\/\/betarom-fastening.ro\/ro\/produkt\/tasmy-pet\/","title":{"rendered":"Benzi PET"},"content":{"rendered":"","protected":false},"excerpt":{"rendered":"Band\u0103 de legare din PET (poliester) pentru legare, depozitare \u0219i transportul \u00eenc\u0103rc\u0103turilor grele, instabile \u0219i cu volum variabil. Flexibil\u0103 \u0219i perfect adaptabil\u0103 la m\u0103rfuri ambalate, inclusiv pl\u0103ci ceramice, teracot\u0103, pavele, \u021bigle, borduri, elemente metalice, \u021bevi, profile, panouri, vopsele, materiale plastice \u0219i multe altele. Extrem de durabil\u0103, flexibil\u0103 \u0219i rezistent\u0103 la intemperii \u0219i la raze UV.","protected":false},"featured_media":42657,"comment_status":"open","ping_status":"closed","template":"","meta":{"inline_featured_image":false},"product_brand":[],"product_cat":[386],"product_tag":[],"branze":[],"class_list":{"0":"post-42651","1":"product","2":"type-product","3":"status-publish","4":"has-post-thumbnail","6":"product_cat-tasmy-spinajace-pp-i-akcesoria","8":"first","9":"instock","10":"shipping-taxable","11":"product-type-simple"},"acf":[],"_links":{"self":[{"href":"https:\/\/betarom-fastening.ro\/ro\/wp-json\/wp\/v2\/product\/42651","targetHints":{"allow":["GET"]}}],"collection":[{"href":"https:\/\/betarom-fastening.ro\/ro\/wp-json\/wp\/v2\/product"}],"about":[{"href":"https:\/\/betarom-fastening.ro\/ro\/wp-json\/wp\/v2\/types\/product"}],"replies":[{"embeddable":true,"href":"https:\/\/betarom-fastening.ro\/ro\/wp-json\/wp\/v2\/comments?post=42651"}],"wp:featuredmedia":[{"embeddable":true,"href":"https:\/\/betarom-fastening.ro\/ro\/wp-json\/wp\/v2\/media\/42657"}],"wp:attachment":[{"href":"https:\/\/betarom-fastening.ro\/ro\/wp-json\/wp\/v2\/media?parent=42651"}],"wp:term":[{"taxonomy":"product_brand","embeddable":true,"href":"https:\/\/betarom-fastening.ro\/ro\/wp-json\/wp\/v2\/product_brand?post=42651"},{"taxonomy":"product_cat","embeddable":true,"href":"https:\/\/betarom-fastening.ro\/ro\/wp-json\/wp\/v2\/product_cat?post=42651"},{"taxonomy":"product_tag","embeddable":true,"href":"https:\/\/betarom-fastening.ro\/ro\/wp-json\/wp\/v2\/product_tag?post=42651"},{"taxonomy":"branze","embeddable":true,"href":"https:\/\/betarom-fastening.ro\/ro\/wp-json\/wp\/v2\/branze?post=42651"}],"curies":[{"name":"wp","href":"https:\/\/api.w.org\/{rel}","templated":true}]}}