{"id":4174,"date":"2023-11-13T16:14:55","date_gmt":"2023-11-13T16:14:55","guid":{"rendered":"http:\/\/test.betarom-fastening.ro\/?post_type=product&#038;p=4174"},"modified":"2025-01-21T17:59:16","modified_gmt":"2025-01-21T17:59:16","slug":"balansier-arc-z05-15","status":"publish","type":"product","link":"https:\/\/betarom-fastening.ro\/ro\/produkt\/balanser-odciaznik-sprezynowy-z05-15\/","title":{"rendered":"Echilibrator, balansier arc Z05-15"},"content":{"rendered":"","protected":false},"excerpt":{"rendered":"Echilibroarele, cunoscute \u0219i sub denumirea de contragreut\u0103\u021bi, sunt utilizate pentru suspendarea uneltelor la sta\u021biile de asamblare. Greutatea uneltei este echilibrat\u0103 de un arc care retrage cablul contragreut\u0103\u021bii. Este important s\u0103 se potriveasc\u0103 echilibrorul cu greutatea uneltei, motiv pentru care oferim mai multe modele cu capacit\u0103\u021bi de \u00eenc\u0103rcare variabile.\r\n\r\n<div class=\"wp-block-button\"><a class=\"wp-block-button__link wp-element-button\" target=\"_blank\" href=\"https:\/\/betarom-fastening.ro\/system\/akcesoria2.php?kat_id=9\" rel=\"noopener\">Accesa\u021bi comanda piese<\/a><\/div>","protected":false},"featured_media":4564,"comment_status":"open","ping_status":"closed","template":"","meta":{"inline_featured_image":false},"product_brand":[],"product_cat":[371],"product_tag":[],"branze":[],"class_list":{"0":"post-4174","1":"product","2":"type-product","3":"status-publish","4":"has-post-thumbnail","6":"product_cat-odciazniki-dmuchawki-wyciagacz-zszywek","8":"first","9":"instock","10":"shipping-taxable","11":"product-type-simple"},"acf":[],"_links":{"self":[{"href":"https:\/\/betarom-fastening.ro\/ro\/wp-json\/wp\/v2\/product\/4174","targetHints":{"allow":["GET"]}}],"collection":[{"href":"https:\/\/betarom-fastening.ro\/ro\/wp-json\/wp\/v2\/product"}],"about":[{"href":"https:\/\/betarom-fastening.ro\/ro\/wp-json\/wp\/v2\/types\/product"}],"replies":[{"embeddable":true,"href":"https:\/\/betarom-fastening.ro\/ro\/wp-json\/wp\/v2\/comments?post=4174"}],"wp:featuredmedia":[{"embeddable":true,"href":"https:\/\/betarom-fastening.ro\/ro\/wp-json\/wp\/v2\/media\/4564"}],"wp:attachment":[{"href":"https:\/\/betarom-fastening.ro\/ro\/wp-json\/wp\/v2\/media?parent=4174"}],"wp:term":[{"taxonomy":"product_brand","embeddable":true,"href":"https:\/\/betarom-fastening.ro\/ro\/wp-json\/wp\/v2\/product_brand?post=4174"},{"taxonomy":"product_cat","embeddable":true,"href":"https:\/\/betarom-fastening.ro\/ro\/wp-json\/wp\/v2\/product_cat?post=4174"},{"taxonomy":"product_tag","embeddable":true,"href":"https:\/\/betarom-fastening.ro\/ro\/wp-json\/wp\/v2\/product_tag?post=4174"},{"taxonomy":"branze","embeddable":true,"href":"https:\/\/betarom-fastening.ro\/ro\/wp-json\/wp\/v2\/branze?post=4174"}],"curies":[{"name":"wp","href":"https:\/\/api.w.org\/{rel}","templated":true}]}}