{"id":3965,"date":"2023-11-08T14:39:44","date_gmt":"2023-11-08T14:39:44","guid":{"rendered":"http:\/\/test.betarom-fastening.ro\/?post_type=product&#038;p=3965"},"modified":"2024-11-14T13:00:24","modified_gmt":"2024-11-14T13:00:24","slug":"sfaturi-biti-ph-phillips","status":"publish","type":"product","link":"https:\/\/betarom-fastening.ro\/ro\/produkt\/groty-bity-ph-phillips\/","title":{"rendered":"Bi\u021bi \u2013 bi\u021bi PH \u2013 Phillips"},"content":{"rendered":"","protected":false},"excerpt":{"rendered":"Groty wykonane s\u0105 z najwy\u017cszej jako\u015bci stali narz\u0119dziowej (S2).\r\nPo\u0142\u0105czenie wysokiej jako\u015bci materia\u0142u oraz metody obr\u00f3bki grot\u00f3w pozwala na osi\u0105gni\u0119cie du\u017cej trwa\u0142o\u015bci ko\u0144c\u00f3wki.\r\nKolorowy pasek u\u0142atwia rozpoznanie typu. Inne rodzaje, d\u0142ugo\u015bci i wykonania grot\u00f3w na \u017cyczenie.\r\n\r\nAtrakcyjnym uzupe\u0142nieniem naszej oferty grot\u00f3w s\u0105 opakowania dost\u0119pne przy zakupie minimum 50 sztuk grot\u00f3w 25 mm\r\nlub 30 sztuk grot\u00f3w 50 mm.\r\n\r\nZobacz rodzaje grot\u00f3w w tabelce: Dane techniczne\r\n\r\n<div class=\"wp-block-button\"><a class=\"wp-block-button__link wp-element-button\" target=\"_blank\" href=\"https:\/\/betarom-fastening.ro\/system\/grot.php\" rel=\"noopener\">Accesa\u021bi comanda piese<\/a><\/div>","protected":false},"featured_media":3966,"comment_status":"open","ping_status":"closed","template":"","meta":{"inline_featured_image":false},"product_brand":[],"product_cat":[377],"product_tag":[],"branze":[],"class_list":{"0":"post-3965","1":"product","2":"type-product","3":"status-publish","4":"has-post-thumbnail","6":"product_cat-groty-bity-i-uchwyty","8":"first","9":"instock","10":"shipping-taxable","11":"product-type-simple"},"acf":[],"_links":{"self":[{"href":"https:\/\/betarom-fastening.ro\/ro\/wp-json\/wp\/v2\/product\/3965","targetHints":{"allow":["GET"]}}],"collection":[{"href":"https:\/\/betarom-fastening.ro\/ro\/wp-json\/wp\/v2\/product"}],"about":[{"href":"https:\/\/betarom-fastening.ro\/ro\/wp-json\/wp\/v2\/types\/product"}],"replies":[{"embeddable":true,"href":"https:\/\/betarom-fastening.ro\/ro\/wp-json\/wp\/v2\/comments?post=3965"}],"wp:featuredmedia":[{"embeddable":true,"href":"https:\/\/betarom-fastening.ro\/ro\/wp-json\/wp\/v2\/media\/3966"}],"wp:attachment":[{"href":"https:\/\/betarom-fastening.ro\/ro\/wp-json\/wp\/v2\/media?parent=3965"}],"wp:term":[{"taxonomy":"product_brand","embeddable":true,"href":"https:\/\/betarom-fastening.ro\/ro\/wp-json\/wp\/v2\/product_brand?post=3965"},{"taxonomy":"product_cat","embeddable":true,"href":"https:\/\/betarom-fastening.ro\/ro\/wp-json\/wp\/v2\/product_cat?post=3965"},{"taxonomy":"product_tag","embeddable":true,"href":"https:\/\/betarom-fastening.ro\/ro\/wp-json\/wp\/v2\/product_tag?post=3965"},{"taxonomy":"branze","embeddable":true,"href":"https:\/\/betarom-fastening.ro\/ro\/wp-json\/wp\/v2\/branze?post=3965"}],"curies":[{"name":"wp","href":"https:\/\/api.w.org\/{rel}","templated":true}]}}