{"id":3911,"date":"2023-11-04T20:12:40","date_gmt":"2023-11-04T20:12:40","guid":{"rendered":"http:\/\/test.betarom-fastening.ro\/?post_type=product&#038;p=3911"},"modified":"2024-11-14T12:55:55","modified_gmt":"2024-11-14T12:55:55","slug":"surubelnita-bizon-bk-s16tp","status":"publish","type":"product","link":"https:\/\/betarom-fastening.ro\/ro\/produkt\/wkretarka-bizon-bk-s16tp\/","title":{"rendered":"\u0218urubelni\u021b\u0103 BIZON BK-S16TP"},"content":{"rendered":"","protected":false},"excerpt":{"rendered":"seria ekonomiczna wkr\u0119tarek BK-S:\r\n&#8211; potwierdzona trwa\u0142o\u015b\u0107 i niezawodno\u015b\u0107\r\n&#8211; znacznie wi\u0119kszy poziom ha\u0142asu ni\u017c w modelach BS-S\r\n&#8211; dobrze wyprofilowana r\u0119koje\u015b\u0107\r\n&#8211; brak ocieplenia r\u0119koje\u015bci\r\n&#8211; wygodny prze\u0142\u0105cznik kierunku obrot\u00f3w\r\n&#8211; start po docisku\r\n&#8211; wewn\u0119trzna regulacja momentu\r\n&#8211; wygodna zmiana grot\u00f3w\r\n&#8211; uchwyt z zabezpieczeniem","protected":false},"featured_media":3909,"comment_status":"open","ping_status":"closed","template":"","meta":{"inline_featured_image":false},"product_brand":[],"product_cat":[374],"product_tag":[],"branze":[],"class_list":{"0":"post-3911","1":"product","2":"type-product","3":"status-publish","4":"has-post-thumbnail","6":"product_cat-wkretarki-wiertarki","8":"first","9":"instock","10":"shipping-taxable","11":"product-type-simple"},"acf":[],"_links":{"self":[{"href":"https:\/\/betarom-fastening.ro\/ro\/wp-json\/wp\/v2\/product\/3911","targetHints":{"allow":["GET"]}}],"collection":[{"href":"https:\/\/betarom-fastening.ro\/ro\/wp-json\/wp\/v2\/product"}],"about":[{"href":"https:\/\/betarom-fastening.ro\/ro\/wp-json\/wp\/v2\/types\/product"}],"replies":[{"embeddable":true,"href":"https:\/\/betarom-fastening.ro\/ro\/wp-json\/wp\/v2\/comments?post=3911"}],"wp:featuredmedia":[{"embeddable":true,"href":"https:\/\/betarom-fastening.ro\/ro\/wp-json\/wp\/v2\/media\/3909"}],"wp:attachment":[{"href":"https:\/\/betarom-fastening.ro\/ro\/wp-json\/wp\/v2\/media?parent=3911"}],"wp:term":[{"taxonomy":"product_brand","embeddable":true,"href":"https:\/\/betarom-fastening.ro\/ro\/wp-json\/wp\/v2\/product_brand?post=3911"},{"taxonomy":"product_cat","embeddable":true,"href":"https:\/\/betarom-fastening.ro\/ro\/wp-json\/wp\/v2\/product_cat?post=3911"},{"taxonomy":"product_tag","embeddable":true,"href":"https:\/\/betarom-fastening.ro\/ro\/wp-json\/wp\/v2\/product_tag?post=3911"},{"taxonomy":"branze","embeddable":true,"href":"https:\/\/betarom-fastening.ro\/ro\/wp-json\/wp\/v2\/branze?post=3911"}],"curies":[{"name":"wp","href":"https:\/\/api.w.org\/{rel}","templated":true}]}}