{"id":3872,"date":"2023-11-04T16:34:50","date_gmt":"2023-11-04T16:34:50","guid":{"rendered":"http:\/\/test.betarom-fastening.ro\/?post_type=product&#038;p=3872"},"modified":"2025-10-10T10:26:07","modified_gmt":"2025-10-10T10:26:07","slug":"surubelnita-bizon-bs-s7th","status":"publish","type":"product","link":"https:\/\/betarom-fastening.ro\/ro\/produkt\/wkretarka-bizon-bs-s7th\/","title":{"rendered":"\u0218urubelni\u021b\u0103 BIZON BS-S7TH"},"content":{"rendered":"","protected":false},"excerpt":{"rendered":"\u2013 cicha praca\r\n\u2013 trwa\u0142o\u015b\u0107, doskona\u0142y stosunek mocy do masy narz\u0119dzi\r\n\u2013 ocieplony, mi\u0119kki w dotyku i dobrze wyprofilowany uchwyt\r\n\u2013 wygodny prze\u0142\u0105cznik kierunku obrot\u00f3w (r\u00f3wnie\u017c dla os\u00f3b lewor\u0119cznych)\r\n\u2013 start po docisku \u2013 modele TP (spust z blokad\u0105) na \u017cyczenie\r\n\u2013 zewn\u0119trzna regulacja momentu dokr\u0119cania\r\n\u2013 wygodna zmiana grot\u00f3w \u2013 uchwyt z zabezpieczeniem\r\n\u2013 uchwyt do zawieszenia na balanserze\r\n<!--\r\n<div class=\"wp-block-button\"><a class=\"wp-block-button__link wp-element-button\" target=\"_blank\" href=\"https:\/\/betarom-fastening.ro\/system\/schemat.php?urzadzenie=BIZON BS-S7TH\" rel=\"noopener\">Zam\u00f3w cz\u0119\u015bci zamienne<\/a><\/div>\r\n-->","protected":false},"featured_media":3873,"comment_status":"open","ping_status":"closed","template":"","meta":{"inline_featured_image":false},"product_brand":[],"product_cat":[374],"product_tag":[],"branze":[],"class_list":{"0":"post-3872","1":"product","2":"type-product","3":"status-publish","4":"has-post-thumbnail","6":"product_cat-wkretarki-wiertarki","8":"first","9":"instock","10":"shipping-taxable","11":"product-type-simple"},"acf":[],"_links":{"self":[{"href":"https:\/\/betarom-fastening.ro\/ro\/wp-json\/wp\/v2\/product\/3872","targetHints":{"allow":["GET"]}}],"collection":[{"href":"https:\/\/betarom-fastening.ro\/ro\/wp-json\/wp\/v2\/product"}],"about":[{"href":"https:\/\/betarom-fastening.ro\/ro\/wp-json\/wp\/v2\/types\/product"}],"replies":[{"embeddable":true,"href":"https:\/\/betarom-fastening.ro\/ro\/wp-json\/wp\/v2\/comments?post=3872"}],"wp:featuredmedia":[{"embeddable":true,"href":"https:\/\/betarom-fastening.ro\/ro\/wp-json\/wp\/v2\/media\/3873"}],"wp:attachment":[{"href":"https:\/\/betarom-fastening.ro\/ro\/wp-json\/wp\/v2\/media?parent=3872"}],"wp:term":[{"taxonomy":"product_brand","embeddable":true,"href":"https:\/\/betarom-fastening.ro\/ro\/wp-json\/wp\/v2\/product_brand?post=3872"},{"taxonomy":"product_cat","embeddable":true,"href":"https:\/\/betarom-fastening.ro\/ro\/wp-json\/wp\/v2\/product_cat?post=3872"},{"taxonomy":"product_tag","embeddable":true,"href":"https:\/\/betarom-fastening.ro\/ro\/wp-json\/wp\/v2\/product_tag?post=3872"},{"taxonomy":"branze","embeddable":true,"href":"https:\/\/betarom-fastening.ro\/ro\/wp-json\/wp\/v2\/branze?post=3872"}],"curies":[{"name":"wp","href":"https:\/\/api.w.org\/{rel}","templated":true}]}}