{"id":3672,"date":"2023-08-23T13:49:11","date_gmt":"2023-08-23T13:49:11","guid":{"rendered":"http:\/\/test.betarom-fastening.ro\/?post_type=product&#038;p=3672"},"modified":"2024-11-14T13:31:22","modified_gmt":"2024-11-14T13:31:22","slug":"capsator-bizon-mn6-13","status":"publish","type":"product","link":"https:\/\/betarom-fastening.ro\/ro\/produkt\/zszywacz-bizon-mn6-13\/","title":{"rendered":"Capsator BIZON MN6-13"},"content":{"rendered":"","protected":false},"excerpt":{"rendered":"<strong>Capsator pneumatic MN6-13<\/strong> este proiectat pentru \u00eencorporarea man\u0219oanelor MN cu diametrul de 10,5 mm, lungime 11 sau 13 mm \u00een g\u0103uri cu diametrul de 10 mm \u00een pl\u0103ci aglomerate\r\n\r\n<div class=\"wp-block-button\"><a class=\"wp-block-button__link wp-element-button\" target=\"_blank\" href=\"https:\/\/betarom-fastening.ro\/system\/schemat.php?urzadzenie=BIZON MN6-13\" rel=\"noopener\">Comanda piese de schimb<\/a><\/div>","protected":false},"featured_media":3673,"comment_status":"open","ping_status":"closed","template":"","meta":{"inline_featured_image":false},"product_brand":[],"product_cat":[365],"product_tag":[],"branze":[],"class_list":{"0":"post-3672","1":"product","2":"type-product","3":"status-publish","4":"has-post-thumbnail","6":"product_cat-narzedzia-specjalne","8":"first","9":"instock","10":"shipping-taxable","11":"product-type-simple"},"acf":[],"_links":{"self":[{"href":"https:\/\/betarom-fastening.ro\/ro\/wp-json\/wp\/v2\/product\/3672","targetHints":{"allow":["GET"]}}],"collection":[{"href":"https:\/\/betarom-fastening.ro\/ro\/wp-json\/wp\/v2\/product"}],"about":[{"href":"https:\/\/betarom-fastening.ro\/ro\/wp-json\/wp\/v2\/types\/product"}],"replies":[{"embeddable":true,"href":"https:\/\/betarom-fastening.ro\/ro\/wp-json\/wp\/v2\/comments?post=3672"}],"wp:featuredmedia":[{"embeddable":true,"href":"https:\/\/betarom-fastening.ro\/ro\/wp-json\/wp\/v2\/media\/3673"}],"wp:attachment":[{"href":"https:\/\/betarom-fastening.ro\/ro\/wp-json\/wp\/v2\/media?parent=3672"}],"wp:term":[{"taxonomy":"product_brand","embeddable":true,"href":"https:\/\/betarom-fastening.ro\/ro\/wp-json\/wp\/v2\/product_brand?post=3672"},{"taxonomy":"product_cat","embeddable":true,"href":"https:\/\/betarom-fastening.ro\/ro\/wp-json\/wp\/v2\/product_cat?post=3672"},{"taxonomy":"product_tag","embeddable":true,"href":"https:\/\/betarom-fastening.ro\/ro\/wp-json\/wp\/v2\/product_tag?post=3672"},{"taxonomy":"branze","embeddable":true,"href":"https:\/\/betarom-fastening.ro\/ro\/wp-json\/wp\/v2\/branze?post=3672"}],"curies":[{"name":"wp","href":"https:\/\/api.w.org\/{rel}","templated":true}]}}