{"id":2296,"date":"2023-04-28T11:47:49","date_gmt":"2023-04-28T11:47:49","guid":{"rendered":"https:\/\/test.bizea.com.pl\/\/?post_type=product&#038;p=2296"},"modified":"2025-10-06T10:53:22","modified_gmt":"2025-10-06T10:53:22","slug":"un-dispozitiv-de-blat-pentru-montarea-insertiilor-de-saltea-pentru-paturi","status":"publish","type":"product","link":"https:\/\/betarom-fastening.ro\/ro\/produkt\/urzadzenie-lade-do-montazu-wkladow-pod-materac-do-lozek\/","title":{"rendered":"Dispozitiv LADE pentru montarea inser\u021biilor de saltea \u00een paturi"},"content":{"rendered":"","protected":false},"excerpt":{"rendered":"Dispozitivul LADE pentru instalarea inser\u021biilor de saltea \u00een paturi coase automat band\u0103 pe lamele folosind capse pentru tapi\u021berie BIZON 380. Versiuni ale dispozitivului: 1. pentru lamele drepte 2. pentru lamele curbate Descrierea func\u021bion\u0103rii: Lamele sunt extrase dintr-un alimentator gravita\u021bional Capsarea se efectueaz\u0103 folosind dou\u0103 capsatoare modulare BeA AutotecK380\/8-14 seria 230, cu magazii cu o capacitate de 5.000 de capse fiecare. Banda este t\u0103iat\u0103 folosind un sistem de \u00eenc\u0103lzitoare electrice pentru a preveni uzura capetelor benzii. Burghiele pentru g\u0103uri \u00een anumite lamele sunt disponibile la cerere. Elementele conectate sunt transportate de o band\u0103 transportoare. Dispozitivul este controlat de un controler PLC: Viteza de conectare a lamelor Prezen\u021ba lamelor \u00een magazie Prezen\u021ba lamelor Prezen\u021ba capselor T\u0103ierea benzii Contoare de produc\u021bie Reaprovizionarea lamelor nu necesit\u0103 oprirea ma\u0219inii. Capacitatea dispozitivului este de p\u00e2n\u0103 la 16 metri liniari de inser\u021bii pe minut.","protected":false},"featured_media":3441,"comment_status":"open","ping_status":"closed","template":"","meta":{"inline_featured_image":false},"product_brand":[],"product_cat":[46],"product_tag":[],"branze":[],"class_list":{"0":"post-2296","1":"product","2":"type-product","3":"status-publish","4":"has-post-thumbnail","6":"product_cat-budowa_maszyn_","8":"first","9":"instock","10":"shipping-taxable","11":"product-type-simple"},"acf":[],"_links":{"self":[{"href":"https:\/\/betarom-fastening.ro\/ro\/wp-json\/wp\/v2\/product\/2296","targetHints":{"allow":["GET"]}}],"collection":[{"href":"https:\/\/betarom-fastening.ro\/ro\/wp-json\/wp\/v2\/product"}],"about":[{"href":"https:\/\/betarom-fastening.ro\/ro\/wp-json\/wp\/v2\/types\/product"}],"replies":[{"embeddable":true,"href":"https:\/\/betarom-fastening.ro\/ro\/wp-json\/wp\/v2\/comments?post=2296"}],"wp:featuredmedia":[{"embeddable":true,"href":"https:\/\/betarom-fastening.ro\/ro\/wp-json\/wp\/v2\/media\/3441"}],"wp:attachment":[{"href":"https:\/\/betarom-fastening.ro\/ro\/wp-json\/wp\/v2\/media?parent=2296"}],"wp:term":[{"taxonomy":"product_brand","embeddable":true,"href":"https:\/\/betarom-fastening.ro\/ro\/wp-json\/wp\/v2\/product_brand?post=2296"},{"taxonomy":"product_cat","embeddable":true,"href":"https:\/\/betarom-fastening.ro\/ro\/wp-json\/wp\/v2\/product_cat?post=2296"},{"taxonomy":"product_tag","embeddable":true,"href":"https:\/\/betarom-fastening.ro\/ro\/wp-json\/wp\/v2\/product_tag?post=2296"},{"taxonomy":"branze","embeddable":true,"href":"https:\/\/betarom-fastening.ro\/ro\/wp-json\/wp\/v2\/branze?post=2296"}],"curies":[{"name":"wp","href":"https:\/\/api.w.org\/{rel}","templated":true}]}}