{"id":2151,"date":"2023-04-27T12:36:23","date_gmt":"2023-04-27T12:36:23","guid":{"rendered":"https:\/\/test.bizea.com.pl\/\/?post_type=product&#038;p=2151"},"modified":"2024-02-28T12:36:23","modified_gmt":"2024-02-28T12:36:23","slug":"presa-pneumatica-pentru-tapirea-paturi-cutie-cu-saltea","status":"publish","type":"product","link":"https:\/\/betarom-fastening.ro\/ro\/produkt\/pneumatyczna-prasa-do-tapicerowania-lozek-skrzyniowych-z-materacem\/","title":{"rendered":"Pres\u0103 pneumatic\u0103 pentru tapi\u021barea paturilor box cu saltea"},"content":{"rendered":"","protected":false},"excerpt":{"rendered":"Construc\u021bie stabil\u0103, durabil\u0103 \u0219i solid\u0103. Presiune uniform\u0103 pe suprafa\u021ba saltelei. Reglarea \u00een\u0103l\u021bimii \u0219i cursa lung\u0103 a actuatorului permit o ajustare rapid\u0103 la \u00een\u0103l\u021bimea operatorului. Reglarea for\u021bei de presiune. Controlul cu dou\u0103 m\u00e2ini asigur\u0103 o func\u021bionare sigur\u0103.","protected":false},"featured_media":2152,"comment_status":"open","ping_status":"closed","template":"","meta":{"inline_featured_image":false},"product_brand":[],"product_cat":[53],"product_tag":[],"branze":[],"class_list":{"0":"post-2151","1":"product","2":"type-product","3":"status-publish","4":"has-post-thumbnail","6":"product_cat-stoly_tapicerskie_i_paletowe","8":"first","9":"instock","10":"shipping-taxable","11":"product-type-simple"},"acf":[],"_links":{"self":[{"href":"https:\/\/betarom-fastening.ro\/ro\/wp-json\/wp\/v2\/product\/2151","targetHints":{"allow":["GET"]}}],"collection":[{"href":"https:\/\/betarom-fastening.ro\/ro\/wp-json\/wp\/v2\/product"}],"about":[{"href":"https:\/\/betarom-fastening.ro\/ro\/wp-json\/wp\/v2\/types\/product"}],"replies":[{"embeddable":true,"href":"https:\/\/betarom-fastening.ro\/ro\/wp-json\/wp\/v2\/comments?post=2151"}],"wp:featuredmedia":[{"embeddable":true,"href":"https:\/\/betarom-fastening.ro\/ro\/wp-json\/wp\/v2\/media\/2152"}],"wp:attachment":[{"href":"https:\/\/betarom-fastening.ro\/ro\/wp-json\/wp\/v2\/media?parent=2151"}],"wp:term":[{"taxonomy":"product_brand","embeddable":true,"href":"https:\/\/betarom-fastening.ro\/ro\/wp-json\/wp\/v2\/product_brand?post=2151"},{"taxonomy":"product_cat","embeddable":true,"href":"https:\/\/betarom-fastening.ro\/ro\/wp-json\/wp\/v2\/product_cat?post=2151"},{"taxonomy":"product_tag","embeddable":true,"href":"https:\/\/betarom-fastening.ro\/ro\/wp-json\/wp\/v2\/product_tag?post=2151"},{"taxonomy":"branze","embeddable":true,"href":"https:\/\/betarom-fastening.ro\/ro\/wp-json\/wp\/v2\/branze?post=2151"}],"curies":[{"name":"wp","href":"https:\/\/api.w.org\/{rel}","templated":true}]}}