{"id":2148,"date":"2023-04-27T12:32:19","date_gmt":"2023-04-27T12:32:19","guid":{"rendered":"https:\/\/test.bizea.com.pl\/\/?post_type=product&#038;p=2148"},"modified":"2024-02-28T12:38:15","modified_gmt":"2024-02-28T12:38:15","slug":"masa-presa-mpt-pentru-tapiteria-scaune","status":"publish","type":"product","link":"https:\/\/betarom-fastening.ro\/ro\/produkt\/prasa-mpt-stolowa-do-tapicerowania-krzesel\/","title":{"rendered":"Pres\u0103 MPT (mas\u0103) pentru tapi\u021barea scaunelor"},"content":{"rendered":"","protected":false},"excerpt":{"rendered":"Presa pneumatic\u0103 MPT pentru tapi\u021barea \u0219ezutelor \u0219i sp\u0103tarelor scaunelor este conceput\u0103 pentru utilizare pe mas\u0103. Construc\u021bie stabil\u0103, durabil\u0103 \u0219i robust\u0103. Rota\u021bie complet\u0103 \u0219i nerestric\u021bionat\u0103 a blatului. Blatul este acoperit cu spum\u0103 tip gel. Pre-reglarea \u00een\u0103l\u021bimii clemei cu ajutorul unui \u0219urub \u0219i a cursei actuatorului permit ajustarea la \u00een\u0103l\u021bimea operatorului. Presiunea pernei este reglat\u0103 cu ajutorul unui regulator de presiune. Operarea cu dou\u0103 m\u00e2ini asigur\u0103 o func\u021bionare sigur\u0103.","protected":false},"featured_media":2149,"comment_status":"open","ping_status":"closed","template":"","meta":{"inline_featured_image":false},"product_brand":[],"product_cat":[53],"product_tag":[],"branze":[],"class_list":{"0":"post-2148","1":"product","2":"type-product","3":"status-publish","4":"has-post-thumbnail","6":"product_cat-stoly_tapicerskie_i_paletowe","8":"first","9":"instock","10":"shipping-taxable","11":"product-type-simple"},"acf":[],"_links":{"self":[{"href":"https:\/\/betarom-fastening.ro\/ro\/wp-json\/wp\/v2\/product\/2148","targetHints":{"allow":["GET"]}}],"collection":[{"href":"https:\/\/betarom-fastening.ro\/ro\/wp-json\/wp\/v2\/product"}],"about":[{"href":"https:\/\/betarom-fastening.ro\/ro\/wp-json\/wp\/v2\/types\/product"}],"replies":[{"embeddable":true,"href":"https:\/\/betarom-fastening.ro\/ro\/wp-json\/wp\/v2\/comments?post=2148"}],"wp:featuredmedia":[{"embeddable":true,"href":"https:\/\/betarom-fastening.ro\/ro\/wp-json\/wp\/v2\/media\/2149"}],"wp:attachment":[{"href":"https:\/\/betarom-fastening.ro\/ro\/wp-json\/wp\/v2\/media?parent=2148"}],"wp:term":[{"taxonomy":"product_brand","embeddable":true,"href":"https:\/\/betarom-fastening.ro\/ro\/wp-json\/wp\/v2\/product_brand?post=2148"},{"taxonomy":"product_cat","embeddable":true,"href":"https:\/\/betarom-fastening.ro\/ro\/wp-json\/wp\/v2\/product_cat?post=2148"},{"taxonomy":"product_tag","embeddable":true,"href":"https:\/\/betarom-fastening.ro\/ro\/wp-json\/wp\/v2\/product_tag?post=2148"},{"taxonomy":"branze","embeddable":true,"href":"https:\/\/betarom-fastening.ro\/ro\/wp-json\/wp\/v2\/branze?post=2148"}],"curies":[{"name":"wp","href":"https:\/\/api.w.org\/{rel}","templated":true}]}}