{"id":2145,"date":"2023-04-27T12:27:50","date_gmt":"2023-04-27T12:27:50","guid":{"rendered":"https:\/\/test.bizea.com.pl\/\/?post_type=product&#038;p=2145"},"modified":"2024-02-28T12:37:48","modified_gmt":"2024-02-28T12:37:48","slug":"dpt-presa-pentru-tapiteria-scaune","status":"publish","type":"product","link":"https:\/\/betarom-fastening.ro\/ro\/produkt\/prasa-dpt-do-tapicerowania-krzesel\/","title":{"rendered":"Pres\u0103 DPT pentru tapi\u021berie scaune"},"content":{"rendered":"","protected":false},"excerpt":{"rendered":"Pres\u0103 pneumatic\u0103 pentru tapi\u021barea scaunelor \u0219i sp\u0103tarelor scaunelor DPT (de sine st\u0103t\u0103toare). Construc\u021bie stabil\u0103, durabil\u0103 \u0219i solid\u0103. Rotirea complet\u0103 a mesei \u00een jurul axei f\u0103r\u0103 restric\u021bii. Blatul mesei este acoperit cu spum\u0103 gel. \u00cen\u0103l\u021bimea reglabil\u0103 a mesei \u0219i cursa lung\u0103 a actuatorului permit o ajustare rapid\u0103 la \u00een\u0103l\u021bimea operatorului. Reglarea for\u021bei de presiune a pernei cu ajutorul regulatorului de presiune. Controlul cu dou\u0103 m\u00e2ini asigur\u0103 o func\u021bionare sigur\u0103.","protected":false},"featured_media":2146,"comment_status":"open","ping_status":"closed","template":"","meta":{"inline_featured_image":false},"product_brand":[],"product_cat":[53],"product_tag":[],"branze":[],"class_list":{"0":"post-2145","1":"product","2":"type-product","3":"status-publish","4":"has-post-thumbnail","6":"product_cat-stoly_tapicerskie_i_paletowe","8":"first","9":"instock","10":"shipping-taxable","11":"product-type-simple"},"acf":[],"_links":{"self":[{"href":"https:\/\/betarom-fastening.ro\/ro\/wp-json\/wp\/v2\/product\/2145","targetHints":{"allow":["GET"]}}],"collection":[{"href":"https:\/\/betarom-fastening.ro\/ro\/wp-json\/wp\/v2\/product"}],"about":[{"href":"https:\/\/betarom-fastening.ro\/ro\/wp-json\/wp\/v2\/types\/product"}],"replies":[{"embeddable":true,"href":"https:\/\/betarom-fastening.ro\/ro\/wp-json\/wp\/v2\/comments?post=2145"}],"wp:featuredmedia":[{"embeddable":true,"href":"https:\/\/betarom-fastening.ro\/ro\/wp-json\/wp\/v2\/media\/2146"}],"wp:attachment":[{"href":"https:\/\/betarom-fastening.ro\/ro\/wp-json\/wp\/v2\/media?parent=2145"}],"wp:term":[{"taxonomy":"product_brand","embeddable":true,"href":"https:\/\/betarom-fastening.ro\/ro\/wp-json\/wp\/v2\/product_brand?post=2145"},{"taxonomy":"product_cat","embeddable":true,"href":"https:\/\/betarom-fastening.ro\/ro\/wp-json\/wp\/v2\/product_cat?post=2145"},{"taxonomy":"product_tag","embeddable":true,"href":"https:\/\/betarom-fastening.ro\/ro\/wp-json\/wp\/v2\/product_tag?post=2145"},{"taxonomy":"branze","embeddable":true,"href":"https:\/\/betarom-fastening.ro\/ro\/wp-json\/wp\/v2\/branze?post=2145"}],"curies":[{"name":"wp","href":"https:\/\/api.w.org\/{rel}","templated":true}]}}