{"id":2127,"date":"2023-04-27T11:36:20","date_gmt":"2023-04-27T11:36:20","guid":{"rendered":"https:\/\/test.bizea.com.pl\/\/?post_type=product&#038;p=2127"},"modified":"2024-02-27T12:48:50","modified_gmt":"2024-02-27T12:48:50","slug":"pneumatice-tapiterie-mese-tb","status":"publish","type":"product","link":"https:\/\/betarom-fastening.ro\/ro\/produkt\/pneumatyczne-stoly-tapicerskie-tb\/","title":{"rendered":"Mese de tapiterie pneumatice TB"},"content":{"rendered":"","protected":false},"excerpt":{"rendered":"Construc\u021bie stabil\u0103, durabil\u0103, solid\u0103. Toate articula\u021biile mobile sunt echipate cu nipluri de ungere. Reglarea \u00een\u0103l\u021bimii folosind p\u00e2rghii de picior situate pe ambele p\u0103r\u021bi ale mesei, punct de oprire programabil la cerere. Sistem pneumatic cu blocare care previne caderea mesei dupa deconectarea aerului comprimat.\r\n\r\n<strong>La cerere:<\/strong>\r\n\u2013 stabilizarea pozi\u021biei, controlerul hidraulic de mi\u0219care previne \u201ebalancarea\u201d cauzat\u0103 de compresibilitatea aerului din servomotorul pneumat. \u2013 cadru de siguran\u021b\u0103, comutator tactil sub blatul mesei, \u00eempiedic\u00e2nd strivirea obiectelor sau a membrelor operatorului r\u0103mase \u00een conturul blatului mesei la cobor\u00e2re \u2013 console (R) \u2013 bra\u021be deasupra blatului mesei, reglabile \u00een trei pozi\u021bii. Bra\u021bele faciliteaz\u0103 accesul la fundul mobilierului f\u0103r\u0103 a fi nevoie s\u0103 \u00eel r\u0103sturna\u021bi\r\n\r\n<div class=\"wp-block-button\"><a class=\"wp-block-button__link wp-element-button\" target=\"_blank\" href=\"https:\/\/www.bizea.com.pl\/english\/schematy\/stol_tapicerski.php\" rel=\"noopener\">Comanda piese de schimb<\/a><\/div>","protected":false},"featured_media":2140,"comment_status":"open","ping_status":"closed","template":"","meta":{"inline_featured_image":false},"product_brand":[],"product_cat":[53],"product_tag":[],"branze":[],"class_list":{"0":"post-2127","1":"product","2":"type-product","3":"status-publish","4":"has-post-thumbnail","6":"product_cat-stoly_tapicerskie_i_paletowe","8":"first","9":"instock","10":"shipping-taxable","11":"product-type-simple"},"acf":[],"_links":{"self":[{"href":"https:\/\/betarom-fastening.ro\/ro\/wp-json\/wp\/v2\/product\/2127","targetHints":{"allow":["GET"]}}],"collection":[{"href":"https:\/\/betarom-fastening.ro\/ro\/wp-json\/wp\/v2\/product"}],"about":[{"href":"https:\/\/betarom-fastening.ro\/ro\/wp-json\/wp\/v2\/types\/product"}],"replies":[{"embeddable":true,"href":"https:\/\/betarom-fastening.ro\/ro\/wp-json\/wp\/v2\/comments?post=2127"}],"wp:featuredmedia":[{"embeddable":true,"href":"https:\/\/betarom-fastening.ro\/ro\/wp-json\/wp\/v2\/media\/2140"}],"wp:attachment":[{"href":"https:\/\/betarom-fastening.ro\/ro\/wp-json\/wp\/v2\/media?parent=2127"}],"wp:term":[{"taxonomy":"product_brand","embeddable":true,"href":"https:\/\/betarom-fastening.ro\/ro\/wp-json\/wp\/v2\/product_brand?post=2127"},{"taxonomy":"product_cat","embeddable":true,"href":"https:\/\/betarom-fastening.ro\/ro\/wp-json\/wp\/v2\/product_cat?post=2127"},{"taxonomy":"product_tag","embeddable":true,"href":"https:\/\/betarom-fastening.ro\/ro\/wp-json\/wp\/v2\/product_tag?post=2127"},{"taxonomy":"branze","embeddable":true,"href":"https:\/\/betarom-fastening.ro\/ro\/wp-json\/wp\/v2\/branze?post=2127"}],"curies":[{"name":"wp","href":"https:\/\/api.w.org\/{rel}","templated":true}]}}