{"id":2087,"date":"2023-04-27T09:27:01","date_gmt":"2023-04-27T09:27:01","guid":{"rendered":"https:\/\/test.bizea.com.pl\/\/?post_type=product&#038;p=2087"},"modified":"2023-05-22T18:01:21","modified_gmt":"2023-05-22T18:01:21","slug":"ace-maneci-st","status":"publish","type":"product","link":"https:\/\/betarom-fastening.ro\/ro\/produkt\/spinki-tulejki-st\/","title":{"rendered":"Capse\/Cleme ST"},"content":{"rendered":"","protected":false},"excerpt":{"rendered":"Clemele de virol\u0103 ST prinse \u00een jurul a dou\u0103 fire cu o unealt\u0103 pneumatic\u0103 creeaz\u0103 o conexiune puternic\u0103 \u0219i durabil\u0103 sub forma unei virole. Folosit \u00een mod obi\u0219nuit pentru conectarea firelor \u0219i arcuri \u00een produc\u021bia de mobilier tapi\u021bat \u0219i saltele. De asemenea, folosit pentru a conecta cu\u0219ti pentru animale, gabioane, garduri agricole \u0219i forestiere \u0219i pentru a conecta firele de ras \u00een garduri speciale - \u00eenchisori, unit\u0103\u021bi militare, unit\u0103\u021bi feroviare.","protected":false},"featured_media":2088,"comment_status":"open","ping_status":"closed","template":"","meta":{"inline_featured_image":false},"product_brand":[],"product_cat":[45],"product_tag":[],"branze":[],"class_list":{"0":"post-2087","1":"product","2":"type-product","3":"status-publish","4":"has-post-thumbnail","6":"product_cat-zlacza_specjalne","8":"first","9":"instock","10":"shipping-taxable","11":"product-type-simple"},"acf":[],"_links":{"self":[{"href":"https:\/\/betarom-fastening.ro\/ro\/wp-json\/wp\/v2\/product\/2087","targetHints":{"allow":["GET"]}}],"collection":[{"href":"https:\/\/betarom-fastening.ro\/ro\/wp-json\/wp\/v2\/product"}],"about":[{"href":"https:\/\/betarom-fastening.ro\/ro\/wp-json\/wp\/v2\/types\/product"}],"replies":[{"embeddable":true,"href":"https:\/\/betarom-fastening.ro\/ro\/wp-json\/wp\/v2\/comments?post=2087"}],"wp:featuredmedia":[{"embeddable":true,"href":"https:\/\/betarom-fastening.ro\/ro\/wp-json\/wp\/v2\/media\/2088"}],"wp:attachment":[{"href":"https:\/\/betarom-fastening.ro\/ro\/wp-json\/wp\/v2\/media?parent=2087"}],"wp:term":[{"taxonomy":"product_brand","embeddable":true,"href":"https:\/\/betarom-fastening.ro\/ro\/wp-json\/wp\/v2\/product_brand?post=2087"},{"taxonomy":"product_cat","embeddable":true,"href":"https:\/\/betarom-fastening.ro\/ro\/wp-json\/wp\/v2\/product_cat?post=2087"},{"taxonomy":"product_tag","embeddable":true,"href":"https:\/\/betarom-fastening.ro\/ro\/wp-json\/wp\/v2\/product_tag?post=2087"},{"taxonomy":"branze","embeddable":true,"href":"https:\/\/betarom-fastening.ro\/ro\/wp-json\/wp\/v2\/branze?post=2087"}],"curies":[{"name":"wp","href":"https:\/\/api.w.org\/{rel}","templated":true}]}}