{"id":2082,"date":"2023-04-27T09:23:36","date_gmt":"2023-04-27T09:23:36","guid":{"rendered":"https:\/\/test.bizea.com.pl\/\/?post_type=product&#038;p=2082"},"modified":"2024-06-21T11:25:24","modified_gmt":"2024-06-21T11:25:24","slug":"tip-cuie-condulate-in-maxi","status":"publish","type":"product","link":"https:\/\/betarom-fastening.ro\/ro\/produkt\/gwozdzie-faliste-typ-w-maxi\/","title":{"rendered":"Cuie ondulate tip W Maxi"},"content":{"rendered":"","protected":false},"excerpt":{"rendered":"Folosit pentru a proteja fe\u021bele bu\u0219tenilor \u0219i sc\u00e2ndurilor \u00eempotriva fisurilor \u00een timpul usc\u0103rii, de asemenea, pentru \u00eembin\u0103rile unghiulare ale structurilor de cadru. Forma gofrarii face ca elementele \u00eembinate s\u0103 fie str\u00e2nse \u00een timpul cioc\u0103nirii.","protected":false},"featured_media":5356,"comment_status":"open","ping_status":"closed","template":"","meta":{"inline_featured_image":false},"product_brand":[],"product_cat":[45],"product_tag":[],"branze":[],"class_list":{"0":"post-2082","1":"product","2":"type-product","3":"status-publish","4":"has-post-thumbnail","6":"product_cat-zlacza_specjalne","8":"first","9":"instock","10":"shipping-taxable","11":"product-type-simple"},"acf":[],"_links":{"self":[{"href":"https:\/\/betarom-fastening.ro\/ro\/wp-json\/wp\/v2\/product\/2082","targetHints":{"allow":["GET"]}}],"collection":[{"href":"https:\/\/betarom-fastening.ro\/ro\/wp-json\/wp\/v2\/product"}],"about":[{"href":"https:\/\/betarom-fastening.ro\/ro\/wp-json\/wp\/v2\/types\/product"}],"replies":[{"embeddable":true,"href":"https:\/\/betarom-fastening.ro\/ro\/wp-json\/wp\/v2\/comments?post=2082"}],"wp:featuredmedia":[{"embeddable":true,"href":"https:\/\/betarom-fastening.ro\/ro\/wp-json\/wp\/v2\/media\/5356"}],"wp:attachment":[{"href":"https:\/\/betarom-fastening.ro\/ro\/wp-json\/wp\/v2\/media?parent=2082"}],"wp:term":[{"taxonomy":"product_brand","embeddable":true,"href":"https:\/\/betarom-fastening.ro\/ro\/wp-json\/wp\/v2\/product_brand?post=2082"},{"taxonomy":"product_cat","embeddable":true,"href":"https:\/\/betarom-fastening.ro\/ro\/wp-json\/wp\/v2\/product_cat?post=2082"},{"taxonomy":"product_tag","embeddable":true,"href":"https:\/\/betarom-fastening.ro\/ro\/wp-json\/wp\/v2\/product_tag?post=2082"},{"taxonomy":"branze","embeddable":true,"href":"https:\/\/betarom-fastening.ro\/ro\/wp-json\/wp\/v2\/branze?post=2082"}],"curies":[{"name":"wp","href":"https:\/\/api.w.org\/{rel}","templated":true}]}}