{"id":2032,"date":"2023-04-26T16:45:20","date_gmt":"2023-04-26T16:45:20","guid":{"rendered":"https:\/\/test.bizea.com.pl\/\/\/\/?post_type=product&#038;p=2032"},"modified":"2026-02-07T14:09:57","modified_gmt":"2026-02-07T14:09:57","slug":"unghii-ondulate-tip-wm","status":"publish","type":"product","link":"https:\/\/betarom-fastening.ro\/ro\/produkt\/gwozdzie-faliste-typ-wm\/","title":{"rendered":"Cuie ondulate tip WM"},"content":{"rendered":"","protected":false},"excerpt":{"rendered":"Folosit pentru \u00eembin\u0103rile de col\u021b \u0219i de cap\u0103t \u00een produc\u021bia de mobilier \u0219i cadre. Forma gofrarii face ca elementele \u00eembinate s\u0103 fie str\u00e2nse \u00een timpul ciocanului.","protected":false},"featured_media":5354,"comment_status":"open","ping_status":"closed","template":"","meta":{"inline_featured_image":false},"product_brand":[],"product_cat":[45],"product_tag":[],"branze":[],"class_list":{"0":"post-2032","1":"product","2":"type-product","3":"status-publish","4":"has-post-thumbnail","6":"product_cat-zlacza_specjalne","8":"first","9":"instock","10":"shipping-taxable","11":"product-type-simple"},"acf":[],"_links":{"self":[{"href":"https:\/\/betarom-fastening.ro\/ro\/wp-json\/wp\/v2\/product\/2032","targetHints":{"allow":["GET"]}}],"collection":[{"href":"https:\/\/betarom-fastening.ro\/ro\/wp-json\/wp\/v2\/product"}],"about":[{"href":"https:\/\/betarom-fastening.ro\/ro\/wp-json\/wp\/v2\/types\/product"}],"replies":[{"embeddable":true,"href":"https:\/\/betarom-fastening.ro\/ro\/wp-json\/wp\/v2\/comments?post=2032"}],"wp:featuredmedia":[{"embeddable":true,"href":"https:\/\/betarom-fastening.ro\/ro\/wp-json\/wp\/v2\/media\/5354"}],"wp:attachment":[{"href":"https:\/\/betarom-fastening.ro\/ro\/wp-json\/wp\/v2\/media?parent=2032"}],"wp:term":[{"taxonomy":"product_brand","embeddable":true,"href":"https:\/\/betarom-fastening.ro\/ro\/wp-json\/wp\/v2\/product_brand?post=2032"},{"taxonomy":"product_cat","embeddable":true,"href":"https:\/\/betarom-fastening.ro\/ro\/wp-json\/wp\/v2\/product_cat?post=2032"},{"taxonomy":"product_tag","embeddable":true,"href":"https:\/\/betarom-fastening.ro\/ro\/wp-json\/wp\/v2\/product_tag?post=2032"},{"taxonomy":"branze","embeddable":true,"href":"https:\/\/betarom-fastening.ro\/ro\/wp-json\/wp\/v2\/branze?post=2032"}],"curies":[{"name":"wp","href":"https:\/\/api.w.org\/{rel}","templated":true}]}}