{"id":2029,"date":"2023-04-26T16:41:53","date_gmt":"2023-04-26T16:41:53","guid":{"rendered":"https:\/\/test.bizea.com.pl\/\/\/\/?post_type=product&#038;p=2029"},"modified":"2024-06-21T11:24:22","modified_gmt":"2024-06-21T11:24:22","slug":"conectori-i","status":"publish","type":"product","link":"https:\/\/betarom-fastening.ro\/ro\/produkt\/zlacza-dwuteowe-zd\/","title":{"rendered":"Cuie lamelare tip ZD"},"content":{"rendered":"","protected":false},"excerpt":{"rendered":"Cel mai adesea folosit de produc\u0103torii de sicrie. Am rafinat designul \u00eembin\u0103rii ZD, care \u00ee\u0219i \u00eendepline\u0219te perfect scopul, adic\u0103: - v\u0103 permite s\u0103 introduce\u021bi cu u\u0219urin\u021b\u0103 \u00een orice tip de lemn - trage perfect sc\u00e2ndurile \u00eembinate \u00eempreun\u0103 - form\u0103 conic\u0103 \u0219i extensie (extensie suplimentar\u0103 la sec\u021biunea ini\u021bial\u0103 a \u00eembinare) - creeaz\u0103 o conexiune unghiular\u0103 puternic\u0103, durabil\u0103 \u0219i invizibil\u0103","protected":false},"featured_media":5353,"comment_status":"open","ping_status":"closed","template":"","meta":{"inline_featured_image":false},"product_brand":[],"product_cat":[45],"product_tag":[],"branze":[],"class_list":{"0":"post-2029","1":"product","2":"type-product","3":"status-publish","4":"has-post-thumbnail","6":"product_cat-zlacza_specjalne","8":"first","9":"instock","10":"shipping-taxable","11":"product-type-simple"},"acf":[],"_links":{"self":[{"href":"https:\/\/betarom-fastening.ro\/ro\/wp-json\/wp\/v2\/product\/2029","targetHints":{"allow":["GET"]}}],"collection":[{"href":"https:\/\/betarom-fastening.ro\/ro\/wp-json\/wp\/v2\/product"}],"about":[{"href":"https:\/\/betarom-fastening.ro\/ro\/wp-json\/wp\/v2\/types\/product"}],"replies":[{"embeddable":true,"href":"https:\/\/betarom-fastening.ro\/ro\/wp-json\/wp\/v2\/comments?post=2029"}],"wp:featuredmedia":[{"embeddable":true,"href":"https:\/\/betarom-fastening.ro\/ro\/wp-json\/wp\/v2\/media\/5353"}],"wp:attachment":[{"href":"https:\/\/betarom-fastening.ro\/ro\/wp-json\/wp\/v2\/media?parent=2029"}],"wp:term":[{"taxonomy":"product_brand","embeddable":true,"href":"https:\/\/betarom-fastening.ro\/ro\/wp-json\/wp\/v2\/product_brand?post=2029"},{"taxonomy":"product_cat","embeddable":true,"href":"https:\/\/betarom-fastening.ro\/ro\/wp-json\/wp\/v2\/product_cat?post=2029"},{"taxonomy":"product_tag","embeddable":true,"href":"https:\/\/betarom-fastening.ro\/ro\/wp-json\/wp\/v2\/product_tag?post=2029"},{"taxonomy":"branze","embeddable":true,"href":"https:\/\/betarom-fastening.ro\/ro\/wp-json\/wp\/v2\/branze?post=2029"}],"curies":[{"name":"wp","href":"https:\/\/api.w.org\/{rel}","templated":true}]}}