{"id":1681,"date":"2023-04-25T19:03:25","date_gmt":"2023-04-25T19:03:25","guid":{"rendered":"http:\/\/test.bizea.com.pl\/\/\/\/\/?post_type=product&#038;p=1681"},"modified":"2025-11-07T13:05:58","modified_gmt":"2025-11-07T13:05:58","slug":"capsatoare-bea-autotec-pentru-roboti","status":"publish","type":"product","link":"https:\/\/betarom-fastening.ro\/ro\/produkt\/bea-autotec-zszywacze-do-robotow\/","title":{"rendered":"Capsatoare robot BeA Autotec"},"content":{"rendered":"","protected":false},"excerpt":{"rendered":"BeA Autotec ofer\u0103 capsatoare u\u0219oare cu un magazin scurt \u0219i o sta\u021bie de \u00eenc\u0103rcare pozi\u021bionat\u0103 la \u00eendem\u00e2na robotului, pentru utilizare pe robo\u021bi industriali. Aplica\u021bii: Industria mobilei \u0219i auto, produc\u021bia de ambalaje \u0219i alte produse din lemn, cum ar fi cutii de nisip \u00een turn\u0103torii \u0219i fixarea foliei \u0219i cartonului pe pale\u021bi.\r\n<div class=\"wp-block-button\"><a class=\"wp-block-button__link wp-element-button\" href=\"https:\/\/betarom-fastening.ro\/formular_de_oferta\/formularz.php\" target=\"_blank\" rel=\"noopener\">Formular de solicitare a ofertei<\/a><\/div>","protected":false},"featured_media":1732,"comment_status":"open","ping_status":"closed","template":"","meta":{"inline_featured_image":false},"product_brand":[],"product_cat":[47],"product_tag":[],"branze":[],"class_list":{"0":"post-1681","1":"product","2":"type-product","3":"status-publish","4":"has-post-thumbnail","6":"product_cat-zszywacze_i_gwozdziarki_do_maszyn","8":"first","9":"instock","10":"shipping-taxable","11":"product-type-simple"},"acf":[],"_links":{"self":[{"href":"https:\/\/betarom-fastening.ro\/ro\/wp-json\/wp\/v2\/product\/1681","targetHints":{"allow":["GET"]}}],"collection":[{"href":"https:\/\/betarom-fastening.ro\/ro\/wp-json\/wp\/v2\/product"}],"about":[{"href":"https:\/\/betarom-fastening.ro\/ro\/wp-json\/wp\/v2\/types\/product"}],"replies":[{"embeddable":true,"href":"https:\/\/betarom-fastening.ro\/ro\/wp-json\/wp\/v2\/comments?post=1681"}],"wp:featuredmedia":[{"embeddable":true,"href":"https:\/\/betarom-fastening.ro\/ro\/wp-json\/wp\/v2\/media\/1732"}],"wp:attachment":[{"href":"https:\/\/betarom-fastening.ro\/ro\/wp-json\/wp\/v2\/media?parent=1681"}],"wp:term":[{"taxonomy":"product_brand","embeddable":true,"href":"https:\/\/betarom-fastening.ro\/ro\/wp-json\/wp\/v2\/product_brand?post=1681"},{"taxonomy":"product_cat","embeddable":true,"href":"https:\/\/betarom-fastening.ro\/ro\/wp-json\/wp\/v2\/product_cat?post=1681"},{"taxonomy":"product_tag","embeddable":true,"href":"https:\/\/betarom-fastening.ro\/ro\/wp-json\/wp\/v2\/product_tag?post=1681"},{"taxonomy":"branze","embeddable":true,"href":"https:\/\/betarom-fastening.ro\/ro\/wp-json\/wp\/v2\/branze?post=1681"}],"curies":[{"name":"wp","href":"https:\/\/api.w.org\/{rel}","templated":true}]}}