{"id":1673,"date":"2023-04-25T19:03:22","date_gmt":"2023-04-25T19:03:22","guid":{"rendered":"http:\/\/test.bizea.com.pl\/\/\/\/\/?post_type=product&#038;p=1673"},"modified":"2025-06-18T16:23:55","modified_gmt":"2025-06-18T16:23:55","slug":"surubelnita-bizon-ab-s15t","status":"publish","type":"product","link":"https:\/\/betarom-fastening.ro\/ro\/produkt\/wkretarka-bizon-ab-s15t\/","title":{"rendered":"\u0218urubelni\u021b\u0103 BIZON AB-S15T"},"content":{"rendered":"","protected":false},"excerpt":{"rendered":"&#8211; wyj\u0105tkowa trwa\u0142o\u015b\u0107 i niezawodno\u015b\u0107 przy stosunkowo ma\u0142ej masie i relatywnie niskim poziomie ha\u0142asu\r\n&#8211; bardzo &#8222;szybkie&#8221; &#8211; wysokie obroty\r\n&#8211; kr\u00f3tki korpus, wygodna operacja wewn\u0105trz mebli\r\n&#8211; dobrze wyprofilowany, ocieplony\u00a0uchwyt\r\n&#8211; wygodny prze\u0142\u0105cznik kierunku obrot\u00f3w\r\n&#8211; bez regulacji momentu\r\n&#8211; wygodna zmiana grot\u00f3w\r\n&#8211; uchwyt z zabezpieczeniem\r\n<div class=\"wp-block-button\"><a class=\"wp-block-button__link wp-element-button\" href=\"https:\/\/betarom-fastening.ro\/system\/schemat.php?urzadzenie=BIZON AB-S15T\" target=\"_blank\" rel=\"noopener\">Comanda piese de schimb<\/a><\/div>","protected":false},"featured_media":1713,"comment_status":"open","ping_status":"closed","template":"","meta":{"inline_featured_image":false},"product_brand":[],"product_cat":[361,374],"product_tag":[],"branze":[],"class_list":{"0":"post-1673","1":"product","2":"type-product","3":"status-publish","4":"has-post-thumbnail","6":"product_cat-wkretarki-wiertarki-klucze-katowe","7":"product_cat-wkretarki-wiertarki","9":"first","10":"instock","11":"shipping-taxable","12":"product-type-simple"},"acf":[],"_links":{"self":[{"href":"https:\/\/betarom-fastening.ro\/ro\/wp-json\/wp\/v2\/product\/1673","targetHints":{"allow":["GET"]}}],"collection":[{"href":"https:\/\/betarom-fastening.ro\/ro\/wp-json\/wp\/v2\/product"}],"about":[{"href":"https:\/\/betarom-fastening.ro\/ro\/wp-json\/wp\/v2\/types\/product"}],"replies":[{"embeddable":true,"href":"https:\/\/betarom-fastening.ro\/ro\/wp-json\/wp\/v2\/comments?post=1673"}],"wp:featuredmedia":[{"embeddable":true,"href":"https:\/\/betarom-fastening.ro\/ro\/wp-json\/wp\/v2\/media\/1713"}],"wp:attachment":[{"href":"https:\/\/betarom-fastening.ro\/ro\/wp-json\/wp\/v2\/media?parent=1673"}],"wp:term":[{"taxonomy":"product_brand","embeddable":true,"href":"https:\/\/betarom-fastening.ro\/ro\/wp-json\/wp\/v2\/product_brand?post=1673"},{"taxonomy":"product_cat","embeddable":true,"href":"https:\/\/betarom-fastening.ro\/ro\/wp-json\/wp\/v2\/product_cat?post=1673"},{"taxonomy":"product_tag","embeddable":true,"href":"https:\/\/betarom-fastening.ro\/ro\/wp-json\/wp\/v2\/product_tag?post=1673"},{"taxonomy":"branze","embeddable":true,"href":"https:\/\/betarom-fastening.ro\/ro\/wp-json\/wp\/v2\/branze?post=1673"}],"curies":[{"name":"wp","href":"https:\/\/api.w.org\/{rel}","templated":true}]}}