{"id":1618,"date":"2023-04-25T19:02:12","date_gmt":"2023-04-25T19:02:12","guid":{"rendered":"http:\/\/test.bizea.com.pl\/\/\/\/\/?post_type=product&#038;p=1618"},"modified":"2026-03-01T16:45:16","modified_gmt":"2026-03-01T16:45:16","slug":"cleme-c-ring-tip-cl20x18","status":"publish","type":"product","link":"https:\/\/betarom-fastening.ro\/ro\/produkt\/spinki-c-ring-typ-cl20x18\/","title":{"rendered":"Cleme C-ring tip CL20x1.8"},"content":{"rendered":"","protected":false},"excerpt":{"rendered":"Cleme destinate conect\u0103rii arcurilor \u0219i plasei de arcuri \u00een produc\u021bia de mobilier \u0219i saltele tapi\u021bate. De asemenea, folosite pentru a conecta husele la cadrul metalic al scaunelor auto. Sunt perfecte pentru \u00eenchiderea pungilor \u0219i a altor aplica\u021bii de ambalare. L\u0103cuit \u00een verde pentru produc\u021bia de brazi artificiali de Cr\u0103ciun. Versiune CRPL cu rezisten\u021b\u0103 mai mare la coroziune pentru asamblarea gabioanelor u\u0219oare. De asemenea, utilizat \u00een produc\u021bia de cu\u0219ti pentru animale, garduri agricole \u0219i forestiere \u0219i conexiuni de s\u00e2rm\u0103 ghimpata \u00een garduri speciale - \u00eenchisori, unit\u0103\u021bi militare, unit\u0103\u021bi feroviare.","protected":false},"featured_media":5349,"comment_status":"open","ping_status":"closed","template":"","meta":{"inline_featured_image":false},"product_brand":[],"product_cat":[42],"product_tag":[],"branze":[],"class_list":{"0":"post-1618","1":"product","2":"type-product","3":"status-publish","4":"has-post-thumbnail","6":"product_cat-c_ring","8":"first","9":"instock","10":"shipping-taxable","11":"product-type-simple"},"acf":[],"_links":{"self":[{"href":"https:\/\/betarom-fastening.ro\/ro\/wp-json\/wp\/v2\/product\/1618","targetHints":{"allow":["GET"]}}],"collection":[{"href":"https:\/\/betarom-fastening.ro\/ro\/wp-json\/wp\/v2\/product"}],"about":[{"href":"https:\/\/betarom-fastening.ro\/ro\/wp-json\/wp\/v2\/types\/product"}],"replies":[{"embeddable":true,"href":"https:\/\/betarom-fastening.ro\/ro\/wp-json\/wp\/v2\/comments?post=1618"}],"wp:featuredmedia":[{"embeddable":true,"href":"https:\/\/betarom-fastening.ro\/ro\/wp-json\/wp\/v2\/media\/5349"}],"wp:attachment":[{"href":"https:\/\/betarom-fastening.ro\/ro\/wp-json\/wp\/v2\/media?parent=1618"}],"wp:term":[{"taxonomy":"product_brand","embeddable":true,"href":"https:\/\/betarom-fastening.ro\/ro\/wp-json\/wp\/v2\/product_brand?post=1618"},{"taxonomy":"product_cat","embeddable":true,"href":"https:\/\/betarom-fastening.ro\/ro\/wp-json\/wp\/v2\/product_cat?post=1618"},{"taxonomy":"product_tag","embeddable":true,"href":"https:\/\/betarom-fastening.ro\/ro\/wp-json\/wp\/v2\/product_tag?post=1618"},{"taxonomy":"branze","embeddable":true,"href":"https:\/\/betarom-fastening.ro\/ro\/wp-json\/wp\/v2\/branze?post=1618"}],"curies":[{"name":"wp","href":"https:\/\/api.w.org\/{rel}","templated":true}]}}