{"id":158307,"date":"2026-03-05T17:03:40","date_gmt":"2026-03-05T17:03:40","guid":{"rendered":"https:\/\/betarom-fastening.ro\/?post_type=product&#038;p=158307"},"modified":"2026-03-05T17:05:20","modified_gmt":"2026-03-05T17:05:20","slug":"capsator-bea-380-14-450al","status":"publish","type":"product","link":"https:\/\/betarom-fastening.ro\/ro\/produkt\/zszywacz-bea-380-14-450al\/","title":{"rendered":"Capsator BeA 380\/14-450AL"},"content":{"rendered":"","protected":false},"excerpt":{"rendered":"Zszywacz pneumatyczny z zaworem automatycznym do zszywek:\r\ntyp 380 (80) o d\u0142ugo\u015bci od 6 do 14 mm.\r\nRegulowana czu\u0142o\u015b\u0107 spustu umo\u017cliwia precyzyjne pojedyncze wbijanie. Mocniej\r\n<div class=\"wp-block-button\"><a class=\"wp-block-button__link wp-element-button\" href=\"https:\/\/betarom-fastening.ro\/system\/schemat.php?urzadzenie=380x14-450A\" target=\"_blank\" rel=\"noopener\">Comanda piese de schimb<\/a><\/div>","protected":false},"featured_media":158308,"comment_status":"open","ping_status":"closed","template":"","meta":{"inline_featured_image":false},"product_brand":[],"product_cat":[358],"product_tag":[],"branze":[],"class_list":{"0":"post-158307","1":"product","2":"type-product","3":"status-publish","4":"has-post-thumbnail","6":"product_cat-zszywacze_","8":"first","9":"instock","10":"shipping-taxable","11":"product-type-simple"},"acf":[],"_links":{"self":[{"href":"https:\/\/betarom-fastening.ro\/ro\/wp-json\/wp\/v2\/product\/158307","targetHints":{"allow":["GET"]}}],"collection":[{"href":"https:\/\/betarom-fastening.ro\/ro\/wp-json\/wp\/v2\/product"}],"about":[{"href":"https:\/\/betarom-fastening.ro\/ro\/wp-json\/wp\/v2\/types\/product"}],"replies":[{"embeddable":true,"href":"https:\/\/betarom-fastening.ro\/ro\/wp-json\/wp\/v2\/comments?post=158307"}],"wp:featuredmedia":[{"embeddable":true,"href":"https:\/\/betarom-fastening.ro\/ro\/wp-json\/wp\/v2\/media\/158308"}],"wp:attachment":[{"href":"https:\/\/betarom-fastening.ro\/ro\/wp-json\/wp\/v2\/media?parent=158307"}],"wp:term":[{"taxonomy":"product_brand","embeddable":true,"href":"https:\/\/betarom-fastening.ro\/ro\/wp-json\/wp\/v2\/product_brand?post=158307"},{"taxonomy":"product_cat","embeddable":true,"href":"https:\/\/betarom-fastening.ro\/ro\/wp-json\/wp\/v2\/product_cat?post=158307"},{"taxonomy":"product_tag","embeddable":true,"href":"https:\/\/betarom-fastening.ro\/ro\/wp-json\/wp\/v2\/product_tag?post=158307"},{"taxonomy":"branze","embeddable":true,"href":"https:\/\/betarom-fastening.ro\/ro\/wp-json\/wp\/v2\/branze?post=158307"}],"curies":[{"name":"wp","href":"https:\/\/api.w.org\/{rel}","templated":true}]}}