{"id":1553,"date":"2023-04-25T19:00:53","date_gmt":"2023-04-25T19:00:53","guid":{"rendered":"http:\/\/test.bizea.com.pl\/\/\/\/\/?post_type=product&#038;p=1553"},"modified":"2024-06-21T11:17:01","modified_gmt":"2024-06-21T11:17:01","slug":"cuie-legate-cu-hartie-d34","status":"publish","type":"product","link":"https:\/\/betarom-fastening.ro\/ro\/produkt\/gwozdzie-laczone-papierem-d34\/","title":{"rendered":"Cuie in banda conectate cu h\u00e2rtie \u2013 D34"},"content":{"rendered":"","protected":false},"excerpt":{"rendered":"Cuie legate \u00een pachete plate cu h\u00e2rtie pentru a fi b\u0103tute cu unelte pneumatice. Revista la un unghi de 34 de grade permite accesul convenabil pentru lovire \u00een col\u021burile structurilor cadrului. Folosit \u00een principal \u00een construc\u021bia \u0219i asamblarea cutiilor de marf\u0103.","protected":false},"featured_media":5339,"comment_status":"open","ping_status":"closed","template":"","meta":{"inline_featured_image":false},"product_brand":[],"product_cat":[333],"product_tag":[],"branze":[],"class_list":{"0":"post-1553","1":"product","2":"type-product","3":"status-publish","4":"has-post-thumbnail","6":"product_cat-gwozdzie-laczone-papierem-d34","8":"first","9":"instock","10":"shipping-taxable","11":"product-type-simple"},"acf":[],"_links":{"self":[{"href":"https:\/\/betarom-fastening.ro\/ro\/wp-json\/wp\/v2\/product\/1553","targetHints":{"allow":["GET"]}}],"collection":[{"href":"https:\/\/betarom-fastening.ro\/ro\/wp-json\/wp\/v2\/product"}],"about":[{"href":"https:\/\/betarom-fastening.ro\/ro\/wp-json\/wp\/v2\/types\/product"}],"replies":[{"embeddable":true,"href":"https:\/\/betarom-fastening.ro\/ro\/wp-json\/wp\/v2\/comments?post=1553"}],"wp:featuredmedia":[{"embeddable":true,"href":"https:\/\/betarom-fastening.ro\/ro\/wp-json\/wp\/v2\/media\/5339"}],"wp:attachment":[{"href":"https:\/\/betarom-fastening.ro\/ro\/wp-json\/wp\/v2\/media?parent=1553"}],"wp:term":[{"taxonomy":"product_brand","embeddable":true,"href":"https:\/\/betarom-fastening.ro\/ro\/wp-json\/wp\/v2\/product_brand?post=1553"},{"taxonomy":"product_cat","embeddable":true,"href":"https:\/\/betarom-fastening.ro\/ro\/wp-json\/wp\/v2\/product_cat?post=1553"},{"taxonomy":"product_tag","embeddable":true,"href":"https:\/\/betarom-fastening.ro\/ro\/wp-json\/wp\/v2\/product_tag?post=1553"},{"taxonomy":"branze","embeddable":true,"href":"https:\/\/betarom-fastening.ro\/ro\/wp-json\/wp\/v2\/branze?post=1553"}],"curies":[{"name":"wp","href":"https:\/\/api.w.org\/{rel}","templated":true}]}}