{"id":1512,"date":"2023-04-25T19:00:22","date_gmt":"2023-04-25T19:00:22","guid":{"rendered":"http:\/\/test.bizea.com.pl\/\/\/\/\/?post_type=product&#038;p=1512"},"modified":"2024-11-14T10:22:55","modified_gmt":"2024-11-14T10:22:55","slug":"capsator-bea-180-65-835c-skater","status":"publish","type":"product","link":"https:\/\/betarom-fastening.ro\/ro\/produkt\/zszywacz-bea-180-65-835c-skater\/","title":{"rendered":"Capsator BeA 180\/65-835C Skater"},"content":{"rendered":"","protected":false},"excerpt":{"rendered":"Cea mai recent\u0103 solu\u021bie a BeA este o alternativ\u0103 la pun\u021bile de asamblare mari \u0219i costisitoare pentru produc\u021bia de elemente de pere\u021bi de case, rame din lemn, cutii de marf\u0103 \u0219i multe altele. Unealta manual\u0103 modificat\u0103 este montat\u0103 pe o platform\u0103 cu ro\u021bi. Operatorul ghideaz\u0103 unealta de-a lungul marginii elementului folosind un ghidaj cu role sau de-a lungul unei rigle \u00een centrul pl\u0103cii. Dispozitivul trage automat focuri succesive la distan\u021be egale, prestabilite, independent de viteza de deplasare. Aceea\u0219i platform\u0103 poate fi utilizat\u0103 pentru a monta un capsator 180\/65-835C sau o pies\u0103 de cuie 800 DC.","protected":false},"featured_media":1077,"comment_status":"open","ping_status":"closed","template":"","meta":{"inline_featured_image":false},"product_brand":[],"product_cat":[358],"product_tag":[],"branze":[],"class_list":{"0":"post-1512","1":"product","2":"type-product","3":"status-publish","4":"has-post-thumbnail","6":"product_cat-zszywacze_","8":"first","9":"instock","10":"shipping-taxable","11":"product-type-simple"},"acf":[],"_links":{"self":[{"href":"https:\/\/betarom-fastening.ro\/ro\/wp-json\/wp\/v2\/product\/1512","targetHints":{"allow":["GET"]}}],"collection":[{"href":"https:\/\/betarom-fastening.ro\/ro\/wp-json\/wp\/v2\/product"}],"about":[{"href":"https:\/\/betarom-fastening.ro\/ro\/wp-json\/wp\/v2\/types\/product"}],"replies":[{"embeddable":true,"href":"https:\/\/betarom-fastening.ro\/ro\/wp-json\/wp\/v2\/comments?post=1512"}],"wp:featuredmedia":[{"embeddable":true,"href":"https:\/\/betarom-fastening.ro\/ro\/wp-json\/wp\/v2\/media\/1077"}],"wp:attachment":[{"href":"https:\/\/betarom-fastening.ro\/ro\/wp-json\/wp\/v2\/media?parent=1512"}],"wp:term":[{"taxonomy":"product_brand","embeddable":true,"href":"https:\/\/betarom-fastening.ro\/ro\/wp-json\/wp\/v2\/product_brand?post=1512"},{"taxonomy":"product_cat","embeddable":true,"href":"https:\/\/betarom-fastening.ro\/ro\/wp-json\/wp\/v2\/product_cat?post=1512"},{"taxonomy":"product_tag","embeddable":true,"href":"https:\/\/betarom-fastening.ro\/ro\/wp-json\/wp\/v2\/product_tag?post=1512"},{"taxonomy":"branze","embeddable":true,"href":"https:\/\/betarom-fastening.ro\/ro\/wp-json\/wp\/v2\/branze?post=1512"}],"curies":[{"name":"wp","href":"https:\/\/api.w.org\/{rel}","templated":true}]}}