{"id":1487,"date":"2023-04-25T18:59:55","date_gmt":"2023-04-25T18:59:55","guid":{"rendered":"http:\/\/test.bizea.com.pl\/\/\/\/\/?post_type=product&#038;p=1487"},"modified":"2023-12-13T19:19:42","modified_gmt":"2023-12-13T19:19:42","slug":"capsator-bea-72-14-452a","status":"publish","type":"product","link":"https:\/\/betarom-fastening.ro\/ro\/produkt\/zszywacz-bea-72-14-452a\/","title":{"rendered":"Capsator BeA 72\/14-452A"},"content":{"rendered":"","protected":false},"excerpt":{"rendered":"Zszywacz pneumatyczny \u2013 automat\r\nRegulowana czu\u0142o\u015b\u0107 spustu umo\u017cliwia precyzyjne pojedyncze wbijanie. Mocniejsze wci\u015bni\u0119cie spustu uruchamia seryjne wbicia.\r\n\r\nPrzeznaczony do produkcji mebli tapicerowanych, krzese\u0142 oraz innych prac zwi\u0105zanych z szybkim mocowaniem tkanin, folii, tektury i tworzyw do drewna, tworzyw i materia\u0142\u00f3w drewnopochodnych.","protected":false},"featured_media":1036,"comment_status":"open","ping_status":"closed","template":"","meta":{"inline_featured_image":false},"product_brand":[],"product_cat":[358],"product_tag":[],"branze":[],"class_list":{"0":"post-1487","1":"product","2":"type-product","3":"status-publish","4":"has-post-thumbnail","6":"product_cat-zszywacze_","8":"first","9":"instock","10":"shipping-taxable","11":"product-type-simple"},"acf":[],"_links":{"self":[{"href":"https:\/\/betarom-fastening.ro\/ro\/wp-json\/wp\/v2\/product\/1487","targetHints":{"allow":["GET"]}}],"collection":[{"href":"https:\/\/betarom-fastening.ro\/ro\/wp-json\/wp\/v2\/product"}],"about":[{"href":"https:\/\/betarom-fastening.ro\/ro\/wp-json\/wp\/v2\/types\/product"}],"replies":[{"embeddable":true,"href":"https:\/\/betarom-fastening.ro\/ro\/wp-json\/wp\/v2\/comments?post=1487"}],"wp:featuredmedia":[{"embeddable":true,"href":"https:\/\/betarom-fastening.ro\/ro\/wp-json\/wp\/v2\/media\/1036"}],"wp:attachment":[{"href":"https:\/\/betarom-fastening.ro\/ro\/wp-json\/wp\/v2\/media?parent=1487"}],"wp:term":[{"taxonomy":"product_brand","embeddable":true,"href":"https:\/\/betarom-fastening.ro\/ro\/wp-json\/wp\/v2\/product_brand?post=1487"},{"taxonomy":"product_cat","embeddable":true,"href":"https:\/\/betarom-fastening.ro\/ro\/wp-json\/wp\/v2\/product_cat?post=1487"},{"taxonomy":"product_tag","embeddable":true,"href":"https:\/\/betarom-fastening.ro\/ro\/wp-json\/wp\/v2\/product_tag?post=1487"},{"taxonomy":"branze","embeddable":true,"href":"https:\/\/betarom-fastening.ro\/ro\/wp-json\/wp\/v2\/branze?post=1487"}],"curies":[{"name":"wp","href":"https:\/\/api.w.org\/{rel}","templated":true}]}}