{"id":1462,"date":"2023-04-25T18:59:34","date_gmt":"2023-04-25T18:59:34","guid":{"rendered":"http:\/\/test.bizea.com.pl\/\/\/\/\/?post_type=product&#038;p=1462"},"modified":"2024-06-21T11:06:16","modified_gmt":"2024-06-21T11:06:16","slug":"tamplarie-capse-tip-16-155","status":"publish","type":"product","link":"https:\/\/betarom-fastening.ro\/ro\/produkt\/zszywki-stolarskie-typ-16-155\/","title":{"rendered":"Capse de dulgher tip 16 (155)"},"content":{"rendered":"","protected":false},"excerpt":{"rendered":"Zszywki stolarskie przeznaczone do produkcji szeroko poj\u0119tych konstrukcji drewnianych od ram mebli tapicerowanych po konstrukcj\u0119 budowlane. Wykorzystywane s\u0105 tak\u017ce \u00a0do produkcji opakowa\u0144 drewnianych.\r\n\r\nMocniejsze po\u0142\u0105czenie w por\u00f3wnaniu z typem 14, lepiej sprawdza si\u0119 do twardych gatunk\u00f3w drewna. Stosowane zamiennie z typem \u201e14\u201dw tych samych zszywaczach. Zgodno\u015b\u0107 z norm\u0105 PN-EN 14592 (EC 5) dla konstrukcji budowlanych z drewna.","protected":false},"featured_media":5325,"comment_status":"open","ping_status":"closed","template":"","meta":{"inline_featured_image":false},"product_brand":[],"product_cat":[26],"product_tag":[],"branze":[],"class_list":{"0":"post-1462","1":"product","2":"type-product","3":"status-publish","4":"has-post-thumbnail","6":"product_cat-zszywki-zszywacze","8":"first","9":"instock","10":"shipping-taxable","11":"product-type-simple"},"acf":[],"_links":{"self":[{"href":"https:\/\/betarom-fastening.ro\/ro\/wp-json\/wp\/v2\/product\/1462","targetHints":{"allow":["GET"]}}],"collection":[{"href":"https:\/\/betarom-fastening.ro\/ro\/wp-json\/wp\/v2\/product"}],"about":[{"href":"https:\/\/betarom-fastening.ro\/ro\/wp-json\/wp\/v2\/types\/product"}],"replies":[{"embeddable":true,"href":"https:\/\/betarom-fastening.ro\/ro\/wp-json\/wp\/v2\/comments?post=1462"}],"wp:featuredmedia":[{"embeddable":true,"href":"https:\/\/betarom-fastening.ro\/ro\/wp-json\/wp\/v2\/media\/5325"}],"wp:attachment":[{"href":"https:\/\/betarom-fastening.ro\/ro\/wp-json\/wp\/v2\/media?parent=1462"}],"wp:term":[{"taxonomy":"product_brand","embeddable":true,"href":"https:\/\/betarom-fastening.ro\/ro\/wp-json\/wp\/v2\/product_brand?post=1462"},{"taxonomy":"product_cat","embeddable":true,"href":"https:\/\/betarom-fastening.ro\/ro\/wp-json\/wp\/v2\/product_cat?post=1462"},{"taxonomy":"product_tag","embeddable":true,"href":"https:\/\/betarom-fastening.ro\/ro\/wp-json\/wp\/v2\/product_tag?post=1462"},{"taxonomy":"branze","embeddable":true,"href":"https:\/\/betarom-fastening.ro\/ro\/wp-json\/wp\/v2\/branze?post=1462"}],"curies":[{"name":"wp","href":"https:\/\/api.w.org\/{rel}","templated":true}]}}