{"id":5553,"date":"2024-08-19T10:16:11","date_gmt":"2024-08-19T10:16:11","guid":{"rendered":"http:\/\/test.betarom-fastening.ro\/?post_type=product&#038;p=5553"},"modified":"2024-08-19T10:16:11","modified_gmt":"2024-08-19T10:16:11","slug":"klej-termotopliwy-casttec","status":"publish","type":"product","link":"https:\/\/betarom-fastening.ro\/pl\/produkt\/klej-termotopliwy-casttec\/","title":{"rendered":"Klej termotopliwy Casttec"},"content":{"rendered":"","protected":false},"excerpt":{"rendered":"Klej termotopliwy wykorzystywany przy prefabrykacji element\u00f3w betonowych \u2013 do szalunku\/ burty, do sto\u0142u stalowego, do formy z drewna, styropianu, styroduru, a nawet PCV do sto\u0142u stalowego lub do burty. Nak\u0142adany w postaci strugi lub rozpylany.\r\n\r\nWysoko wydajny\r\n\r\nD\u0142ugi czas otwarty\r\n\r\nPo 12 h wraca do postaci krystalicznej\r\n\r\nDaje si\u0119 \u0142atwo usun\u0105\u0107","protected":false},"featured_media":5554,"comment_status":"open","ping_status":"closed","template":"","meta":{"inline_featured_image":false},"product_brand":[],"product_cat":[415],"product_tag":[],"branze":[],"class_list":{"0":"post-5553","1":"product","2":"type-product","3":"status-publish","4":"has-post-thumbnail","6":"product_cat-casttec","8":"first","9":"instock","10":"shipping-taxable","11":"product-type-simple"},"acf":[],"_links":{"self":[{"href":"https:\/\/betarom-fastening.ro\/pl\/wp-json\/wp\/v2\/product\/5553","targetHints":{"allow":["GET"]}}],"collection":[{"href":"https:\/\/betarom-fastening.ro\/pl\/wp-json\/wp\/v2\/product"}],"about":[{"href":"https:\/\/betarom-fastening.ro\/pl\/wp-json\/wp\/v2\/types\/product"}],"replies":[{"embeddable":true,"href":"https:\/\/betarom-fastening.ro\/pl\/wp-json\/wp\/v2\/comments?post=5553"}],"wp:featuredmedia":[{"embeddable":true,"href":"https:\/\/betarom-fastening.ro\/pl\/wp-json\/wp\/v2\/media\/5554"}],"wp:attachment":[{"href":"https:\/\/betarom-fastening.ro\/pl\/wp-json\/wp\/v2\/media?parent=5553"}],"wp:term":[{"taxonomy":"product_brand","embeddable":true,"href":"https:\/\/betarom-fastening.ro\/pl\/wp-json\/wp\/v2\/product_brand?post=5553"},{"taxonomy":"product_cat","embeddable":true,"href":"https:\/\/betarom-fastening.ro\/pl\/wp-json\/wp\/v2\/product_cat?post=5553"},{"taxonomy":"product_tag","embeddable":true,"href":"https:\/\/betarom-fastening.ro\/pl\/wp-json\/wp\/v2\/product_tag?post=5553"},{"taxonomy":"branze","embeddable":true,"href":"https:\/\/betarom-fastening.ro\/pl\/wp-json\/wp\/v2\/branze?post=5553"}],"curies":[{"name":"wp","href":"https:\/\/api.w.org\/{rel}","templated":true}]}}