{"id":5538,"date":"2024-08-06T16:37:19","date_gmt":"2024-08-06T16:37:19","guid":{"rendered":"http:\/\/test.betarom-fastening.ro\/?post_type=product&#038;p=5538"},"modified":"2024-08-06T16:37:19","modified_gmt":"2024-08-06T16:37:19","slug":"klucz-udarowy-bizon-iwb-678","status":"publish","type":"product","link":"https:\/\/betarom-fastening.ro\/pl\/produkt\/klucz-udarowy-bizon-iwb-678\/","title":{"rendered":"Klucz udarowy BIZON IWB-678"},"content":{"rendered":"","protected":false},"excerpt":{"rendered":"Profesjonalny, pneumatyczny klucz udarowy z uchwytem 1\/2\u2033 do nasadek\/kluczy oraz adaptera do grot\u00f3w\/bit\u00f3w 1\/4\u2033.\r\n\r\nIdealne narz\u0119dzie do mocowania i odkr\u0119cania w ka\u017cdym ograniczonym obszarze roboczym przy monta\u017cu mebli lub w serwisie maszynowym\/samochodowym.\r\n\r\nD\u0142ugo\u015b\u0107 narz\u0119dzia tylko 108 mm.\r\n\r\nPot\u0119\u017cny moment obrotowy: mechanizm m\u0142otkowy Jumbo zapewnia maksymalny moment obrotowy 678 Nm dla tak ma\u0142ego narz\u0119dzia.","protected":false},"featured_media":5536,"comment_status":"open","ping_status":"closed","template":"","meta":{"inline_featured_image":false},"product_brand":[],"product_cat":[412],"product_tag":[],"branze":[],"class_list":{"0":"post-5538","1":"product","2":"type-product","3":"status-publish","4":"has-post-thumbnail","6":"product_cat-klucze-udarowe","8":"first","9":"instock","10":"shipping-taxable","11":"product-type-simple"},"acf":[],"_links":{"self":[{"href":"https:\/\/betarom-fastening.ro\/pl\/wp-json\/wp\/v2\/product\/5538","targetHints":{"allow":["GET"]}}],"collection":[{"href":"https:\/\/betarom-fastening.ro\/pl\/wp-json\/wp\/v2\/product"}],"about":[{"href":"https:\/\/betarom-fastening.ro\/pl\/wp-json\/wp\/v2\/types\/product"}],"replies":[{"embeddable":true,"href":"https:\/\/betarom-fastening.ro\/pl\/wp-json\/wp\/v2\/comments?post=5538"}],"wp:featuredmedia":[{"embeddable":true,"href":"https:\/\/betarom-fastening.ro\/pl\/wp-json\/wp\/v2\/media\/5536"}],"wp:attachment":[{"href":"https:\/\/betarom-fastening.ro\/pl\/wp-json\/wp\/v2\/media?parent=5538"}],"wp:term":[{"taxonomy":"product_brand","embeddable":true,"href":"https:\/\/betarom-fastening.ro\/pl\/wp-json\/wp\/v2\/product_brand?post=5538"},{"taxonomy":"product_cat","embeddable":true,"href":"https:\/\/betarom-fastening.ro\/pl\/wp-json\/wp\/v2\/product_cat?post=5538"},{"taxonomy":"product_tag","embeddable":true,"href":"https:\/\/betarom-fastening.ro\/pl\/wp-json\/wp\/v2\/product_tag?post=5538"},{"taxonomy":"branze","embeddable":true,"href":"https:\/\/betarom-fastening.ro\/pl\/wp-json\/wp\/v2\/branze?post=5538"}],"curies":[{"name":"wp","href":"https:\/\/api.w.org\/{rel}","templated":true}]}}