{"id":5493,"date":"2024-08-06T13:45:18","date_gmt":"2024-08-06T13:45:18","guid":{"rendered":"http:\/\/test.betarom-fastening.ro\/?post_type=product&#038;p=5493"},"modified":"2025-12-04T15:15:24","modified_gmt":"2025-12-04T15:15:24","slug":"klej-termotopliwy-hm-623-12","status":"publish","type":"product","link":"https:\/\/betarom-fastening.ro\/pl\/produkt\/klej-termotopliwy-hm-623-12\/","title":{"rendered":"Klej termotopliwy HM 623\/12"},"content":{"rendered":"","protected":false},"excerpt":{"rendered":"Do drewna, plastiku i ceramiki.\r\n\r\nKlej w kolorze jasnobursztynowym, prze\u017aroczysty, EVA, o du\u017cej przyczepno\u015bci.","protected":false},"featured_media":5524,"comment_status":"open","ping_status":"closed","template":"","meta":{"inline_featured_image":false},"product_brand":[],"product_cat":[405,406],"product_tag":[],"branze":[],"class_list":{"0":"post-5493","1":"product","2":"type-product","3":"status-publish","4":"has-post-thumbnail","6":"product_cat-produkty-z-drewna","7":"product_cat-rozne-materialy","9":"first","10":"instock","11":"shipping-taxable","12":"product-type-simple"},"acf":[],"_links":{"self":[{"href":"https:\/\/betarom-fastening.ro\/pl\/wp-json\/wp\/v2\/product\/5493","targetHints":{"allow":["GET"]}}],"collection":[{"href":"https:\/\/betarom-fastening.ro\/pl\/wp-json\/wp\/v2\/product"}],"about":[{"href":"https:\/\/betarom-fastening.ro\/pl\/wp-json\/wp\/v2\/types\/product"}],"replies":[{"embeddable":true,"href":"https:\/\/betarom-fastening.ro\/pl\/wp-json\/wp\/v2\/comments?post=5493"}],"wp:featuredmedia":[{"embeddable":true,"href":"https:\/\/betarom-fastening.ro\/pl\/wp-json\/wp\/v2\/media\/5524"}],"wp:attachment":[{"href":"https:\/\/betarom-fastening.ro\/pl\/wp-json\/wp\/v2\/media?parent=5493"}],"wp:term":[{"taxonomy":"product_brand","embeddable":true,"href":"https:\/\/betarom-fastening.ro\/pl\/wp-json\/wp\/v2\/product_brand?post=5493"},{"taxonomy":"product_cat","embeddable":true,"href":"https:\/\/betarom-fastening.ro\/pl\/wp-json\/wp\/v2\/product_cat?post=5493"},{"taxonomy":"product_tag","embeddable":true,"href":"https:\/\/betarom-fastening.ro\/pl\/wp-json\/wp\/v2\/product_tag?post=5493"},{"taxonomy":"branze","embeddable":true,"href":"https:\/\/betarom-fastening.ro\/pl\/wp-json\/wp\/v2\/branze?post=5493"}],"curies":[{"name":"wp","href":"https:\/\/api.w.org\/{rel}","templated":true}]}}