{"id":5483,"date":"2024-08-06T13:37:15","date_gmt":"2024-08-06T13:37:15","guid":{"rendered":"http:\/\/test.betarom-fastening.ro\/?post_type=product&#038;p=5483"},"modified":"2025-12-04T15:19:04","modified_gmt":"2025-12-04T15:19:04","slug":"klej-termotopliwy-hm-644-lm-12","status":"publish","type":"product","link":"https:\/\/betarom-fastening.ro\/pl\/produkt\/klej-termotopliwy-hm-644-lm-12\/","title":{"rendered":"Klej termotopliwy HM 644 LM\/12"},"content":{"rendered":"","protected":false},"excerpt":{"rendered":"Do materia\u0142\u00f3w wra\u017cliwych na temperatur\u0119.\r\n\r\nKlej w kolorze mlecznym, EVA, niskotemperaturowy, szybkowi\u0105\u017c\u0105cy","protected":false},"featured_media":5515,"comment_status":"open","ping_status":"closed","template":"","meta":{"inline_featured_image":false},"product_brand":[],"product_cat":[404,407],"product_tag":[],"branze":[],"class_list":{"0":"post-5483","1":"product","2":"type-product","3":"status-publish","4":"has-post-thumbnail","6":"product_cat-opakowania","7":"product_cat-florystyka-i-diy","9":"first","10":"instock","11":"shipping-taxable","12":"product-type-simple"},"acf":[],"_links":{"self":[{"href":"https:\/\/betarom-fastening.ro\/pl\/wp-json\/wp\/v2\/product\/5483","targetHints":{"allow":["GET"]}}],"collection":[{"href":"https:\/\/betarom-fastening.ro\/pl\/wp-json\/wp\/v2\/product"}],"about":[{"href":"https:\/\/betarom-fastening.ro\/pl\/wp-json\/wp\/v2\/types\/product"}],"replies":[{"embeddable":true,"href":"https:\/\/betarom-fastening.ro\/pl\/wp-json\/wp\/v2\/comments?post=5483"}],"wp:featuredmedia":[{"embeddable":true,"href":"https:\/\/betarom-fastening.ro\/pl\/wp-json\/wp\/v2\/media\/5515"}],"wp:attachment":[{"href":"https:\/\/betarom-fastening.ro\/pl\/wp-json\/wp\/v2\/media?parent=5483"}],"wp:term":[{"taxonomy":"product_brand","embeddable":true,"href":"https:\/\/betarom-fastening.ro\/pl\/wp-json\/wp\/v2\/product_brand?post=5483"},{"taxonomy":"product_cat","embeddable":true,"href":"https:\/\/betarom-fastening.ro\/pl\/wp-json\/wp\/v2\/product_cat?post=5483"},{"taxonomy":"product_tag","embeddable":true,"href":"https:\/\/betarom-fastening.ro\/pl\/wp-json\/wp\/v2\/product_tag?post=5483"},{"taxonomy":"branze","embeddable":true,"href":"https:\/\/betarom-fastening.ro\/pl\/wp-json\/wp\/v2\/branze?post=5483"}],"curies":[{"name":"wp","href":"https:\/\/api.w.org\/{rel}","templated":true}]}}