{"id":5475,"date":"2024-08-06T13:30:52","date_gmt":"2024-08-06T13:30:52","guid":{"rendered":"http:\/\/test.betarom-fastening.ro\/?post_type=product&#038;p=5475"},"modified":"2024-08-06T15:03:34","modified_gmt":"2024-08-06T15:03:34","slug":"klej-termotopliwy-hmb-p14-43","status":"publish","type":"product","link":"https:\/\/betarom-fastening.ro\/pl\/produkt\/klej-termotopliwy-hmb-p14-43\/","title":{"rendered":"Klej termotopliwy HMB P14\/43"},"content":{"rendered":"","protected":false},"excerpt":{"rendered":"Do opakowa\u0144 i element\u00f3w z drewna.\r\n\r\nKlej w kolorze jasno\u017c\u00f3\u0142tym, EVA, ekonomiczny i szybkoschn\u0105cy.","protected":false},"featured_media":5507,"comment_status":"open","ping_status":"closed","template":"","meta":{"inline_featured_image":false},"product_brand":[],"product_cat":[404,405,406],"product_tag":[],"branze":[],"class_list":{"0":"post-5475","1":"product","2":"type-product","3":"status-publish","4":"has-post-thumbnail","6":"product_cat-opakowania","7":"product_cat-produkty-z-drewna","8":"product_cat-rozne-materialy","10":"first","11":"instock","12":"shipping-taxable","13":"product-type-simple"},"acf":[],"_links":{"self":[{"href":"https:\/\/betarom-fastening.ro\/pl\/wp-json\/wp\/v2\/product\/5475","targetHints":{"allow":["GET"]}}],"collection":[{"href":"https:\/\/betarom-fastening.ro\/pl\/wp-json\/wp\/v2\/product"}],"about":[{"href":"https:\/\/betarom-fastening.ro\/pl\/wp-json\/wp\/v2\/types\/product"}],"replies":[{"embeddable":true,"href":"https:\/\/betarom-fastening.ro\/pl\/wp-json\/wp\/v2\/comments?post=5475"}],"wp:featuredmedia":[{"embeddable":true,"href":"https:\/\/betarom-fastening.ro\/pl\/wp-json\/wp\/v2\/media\/5507"}],"wp:attachment":[{"href":"https:\/\/betarom-fastening.ro\/pl\/wp-json\/wp\/v2\/media?parent=5475"}],"wp:term":[{"taxonomy":"product_brand","embeddable":true,"href":"https:\/\/betarom-fastening.ro\/pl\/wp-json\/wp\/v2\/product_brand?post=5475"},{"taxonomy":"product_cat","embeddable":true,"href":"https:\/\/betarom-fastening.ro\/pl\/wp-json\/wp\/v2\/product_cat?post=5475"},{"taxonomy":"product_tag","embeddable":true,"href":"https:\/\/betarom-fastening.ro\/pl\/wp-json\/wp\/v2\/product_tag?post=5475"},{"taxonomy":"branze","embeddable":true,"href":"https:\/\/betarom-fastening.ro\/pl\/wp-json\/wp\/v2\/branze?post=5475"}],"curies":[{"name":"wp","href":"https:\/\/api.w.org\/{rel}","templated":true}]}}