{"id":42658,"date":"2025-06-02T13:13:53","date_gmt":"2025-06-02T13:13:53","guid":{"rendered":"https:\/\/betarom-fastening.ro\/?post_type=product&#038;p=42658"},"modified":"2025-06-02T14:23:57","modified_gmt":"2025-06-02T14:23:57","slug":"bandownice-akumulatorowe","status":"publish","type":"product","link":"https:\/\/betarom-fastening.ro\/pl\/produkt\/bandownice-akumulatorowe\/","title":{"rendered":"Bandownice akumulatorowe"},"content":{"rendered":"","protected":false},"excerpt":{"rendered":"Uniwersalne wi\u0105zarki\/bandownice przemys\u0142owe BIZON BA 60 i BA 70 to por\u0119czne i niezawodne narz\u0119dzia r\u0119czne do spinania \u0142adunk\u00f3w przy u\u017cyciu ta\u015bm PETiPP.\r\n\r\nWyposa\u017cone w akumulator marki Bosch, umo\u017cliwiaj\u0105 wykonanie nawet 400 cykli wi\u0105zania na jednym \u0142adowaniu. S\u0105 lekkie i wygodne, dzi\u0119ki czemu nie obci\u0105\u017caj\u0105 operatora przy d\u0142ugotrwa\u0142ym u\u017cytkowaniu.","protected":false},"featured_media":42660,"comment_status":"open","ping_status":"closed","template":"","meta":{"inline_featured_image":false},"product_brand":[],"product_cat":[386],"product_tag":[],"branze":[],"class_list":{"0":"post-42658","1":"product","2":"type-product","3":"status-publish","4":"has-post-thumbnail","6":"product_cat-tasmy-spinajace-pp-i-akcesoria","8":"first","9":"instock","10":"shipping-taxable","11":"product-type-simple"},"acf":[],"_links":{"self":[{"href":"https:\/\/betarom-fastening.ro\/pl\/wp-json\/wp\/v2\/product\/42658","targetHints":{"allow":["GET"]}}],"collection":[{"href":"https:\/\/betarom-fastening.ro\/pl\/wp-json\/wp\/v2\/product"}],"about":[{"href":"https:\/\/betarom-fastening.ro\/pl\/wp-json\/wp\/v2\/types\/product"}],"replies":[{"embeddable":true,"href":"https:\/\/betarom-fastening.ro\/pl\/wp-json\/wp\/v2\/comments?post=42658"}],"wp:featuredmedia":[{"embeddable":true,"href":"https:\/\/betarom-fastening.ro\/pl\/wp-json\/wp\/v2\/media\/42660"}],"wp:attachment":[{"href":"https:\/\/betarom-fastening.ro\/pl\/wp-json\/wp\/v2\/media?parent=42658"}],"wp:term":[{"taxonomy":"product_brand","embeddable":true,"href":"https:\/\/betarom-fastening.ro\/pl\/wp-json\/wp\/v2\/product_brand?post=42658"},{"taxonomy":"product_cat","embeddable":true,"href":"https:\/\/betarom-fastening.ro\/pl\/wp-json\/wp\/v2\/product_cat?post=42658"},{"taxonomy":"product_tag","embeddable":true,"href":"https:\/\/betarom-fastening.ro\/pl\/wp-json\/wp\/v2\/product_tag?post=42658"},{"taxonomy":"branze","embeddable":true,"href":"https:\/\/betarom-fastening.ro\/pl\/wp-json\/wp\/v2\/branze?post=42658"}],"curies":[{"name":"wp","href":"https:\/\/api.w.org\/{rel}","templated":true}]}}