{"id":42651,"date":"2025-06-02T13:11:05","date_gmt":"2025-06-02T13:11:05","guid":{"rendered":"https:\/\/betarom-fastening.ro\/?post_type=product&#038;p=42651"},"modified":"2025-06-02T13:23:08","modified_gmt":"2025-06-02T13:23:08","slug":"tasmy-pet","status":"publish","type":"product","link":"https:\/\/betarom-fastening.ro\/pl\/produkt\/tasmy-pet\/","title":{"rendered":"Ta\u015bmy PET"},"content":{"rendered":"","protected":false},"excerpt":{"rendered":"Ta\u015bmy PET (poliestrowe) do spinania, sk\u0142adowania i transportu \u0142adunk\u00f3w ci\u0119\u017ckich, niestabilnych i zmieniaj\u0105cych swoj\u0105 obj\u0119to\u015b\u0107 S\u0105 elastyczne i doskonale dopasowuj\u0105 si\u0119 do pakowanych towar\u00f3w \u2013 m.in. glazura, terakota, kostka brukowa, dach\u00f3wki, kraw\u0119\u017cniki, elementy metalowe, rury, profile, panele, farby, plastiki i wiele innych.\r\n\r\nNiezwykle wytrzyma\u0142e, elastyczne i odporne na warunki atmosferyczne oraz promienie UV.","protected":false},"featured_media":42657,"comment_status":"open","ping_status":"closed","template":"","meta":{"inline_featured_image":false},"product_brand":[],"product_cat":[386],"product_tag":[],"branze":[],"class_list":{"0":"post-42651","1":"product","2":"type-product","3":"status-publish","4":"has-post-thumbnail","6":"product_cat-tasmy-spinajace-pp-i-akcesoria","8":"first","9":"instock","10":"shipping-taxable","11":"product-type-simple"},"acf":[],"_links":{"self":[{"href":"https:\/\/betarom-fastening.ro\/pl\/wp-json\/wp\/v2\/product\/42651","targetHints":{"allow":["GET"]}}],"collection":[{"href":"https:\/\/betarom-fastening.ro\/pl\/wp-json\/wp\/v2\/product"}],"about":[{"href":"https:\/\/betarom-fastening.ro\/pl\/wp-json\/wp\/v2\/types\/product"}],"replies":[{"embeddable":true,"href":"https:\/\/betarom-fastening.ro\/pl\/wp-json\/wp\/v2\/comments?post=42651"}],"wp:featuredmedia":[{"embeddable":true,"href":"https:\/\/betarom-fastening.ro\/pl\/wp-json\/wp\/v2\/media\/42657"}],"wp:attachment":[{"href":"https:\/\/betarom-fastening.ro\/pl\/wp-json\/wp\/v2\/media?parent=42651"}],"wp:term":[{"taxonomy":"product_brand","embeddable":true,"href":"https:\/\/betarom-fastening.ro\/pl\/wp-json\/wp\/v2\/product_brand?post=42651"},{"taxonomy":"product_cat","embeddable":true,"href":"https:\/\/betarom-fastening.ro\/pl\/wp-json\/wp\/v2\/product_cat?post=42651"},{"taxonomy":"product_tag","embeddable":true,"href":"https:\/\/betarom-fastening.ro\/pl\/wp-json\/wp\/v2\/product_tag?post=42651"},{"taxonomy":"branze","embeddable":true,"href":"https:\/\/betarom-fastening.ro\/pl\/wp-json\/wp\/v2\/branze?post=42651"}],"curies":[{"name":"wp","href":"https:\/\/api.w.org\/{rel}","templated":true}]}}