{"id":4122,"date":"2023-11-10T15:51:17","date_gmt":"2023-11-10T15:51:17","guid":{"rendered":"http:\/\/test.betarom-fastening.ro\/?post_type=product&#038;p=4122"},"modified":"2025-01-21T16:58:34","modified_gmt":"2025-01-21T16:58:34","slug":"szybkozlacze-z-tuleja-do-weza","status":"publish","type":"product","link":"https:\/\/betarom-fastening.ro\/pl\/produkt\/szybkozlacze-z-tuleja-do-weza\/","title":{"rendered":"Szybkoz\u0142\u0105cze z tulej\u0105 do w\u0119\u017ca"},"content":{"rendered":"","protected":false},"excerpt":{"rendered":"Dost\u0119pne wymiary &#8211; \u015brednica [mm]: 6, 9, 13\r\n\r\n<div class=\"wp-block-button\"><a class=\"wp-block-button__link wp-element-button\" target=\"_blank\" href=\"https:\/\/betarom-fastening.ro\/system\/akcesoria2.php?kat_id=5\" rel=\"noopener\">Przejd\u017a do zam\u00f3wienia cz\u0119\u015bci<\/a><\/div>\r\n\r\n","protected":false},"featured_media":4304,"comment_status":"open","ping_status":"closed","template":"","meta":{"inline_featured_image":false},"product_brand":[],"product_cat":[368],"product_tag":[],"branze":[],"class_list":{"0":"post-4122","1":"product","2":"type-product","3":"status-publish","4":"has-post-thumbnail","6":"product_cat-akcesoria-do-instalacji-sprezonego-powietrza","8":"first","9":"instock","10":"shipping-taxable","11":"product-type-simple"},"acf":[],"_links":{"self":[{"href":"https:\/\/betarom-fastening.ro\/pl\/wp-json\/wp\/v2\/product\/4122","targetHints":{"allow":["GET"]}}],"collection":[{"href":"https:\/\/betarom-fastening.ro\/pl\/wp-json\/wp\/v2\/product"}],"about":[{"href":"https:\/\/betarom-fastening.ro\/pl\/wp-json\/wp\/v2\/types\/product"}],"replies":[{"embeddable":true,"href":"https:\/\/betarom-fastening.ro\/pl\/wp-json\/wp\/v2\/comments?post=4122"}],"wp:featuredmedia":[{"embeddable":true,"href":"https:\/\/betarom-fastening.ro\/pl\/wp-json\/wp\/v2\/media\/4304"}],"wp:attachment":[{"href":"https:\/\/betarom-fastening.ro\/pl\/wp-json\/wp\/v2\/media?parent=4122"}],"wp:term":[{"taxonomy":"product_brand","embeddable":true,"href":"https:\/\/betarom-fastening.ro\/pl\/wp-json\/wp\/v2\/product_brand?post=4122"},{"taxonomy":"product_cat","embeddable":true,"href":"https:\/\/betarom-fastening.ro\/pl\/wp-json\/wp\/v2\/product_cat?post=4122"},{"taxonomy":"product_tag","embeddable":true,"href":"https:\/\/betarom-fastening.ro\/pl\/wp-json\/wp\/v2\/product_tag?post=4122"},{"taxonomy":"branze","embeddable":true,"href":"https:\/\/betarom-fastening.ro\/pl\/wp-json\/wp\/v2\/branze?post=4122"}],"curies":[{"name":"wp","href":"https:\/\/api.w.org\/{rel}","templated":true}]}}