{"id":4110,"date":"2023-11-10T13:06:00","date_gmt":"2023-11-10T13:06:00","guid":{"rendered":"http:\/\/test.betarom-fastening.ro\/?post_type=product&#038;p=4110"},"modified":"2025-01-21T17:30:35","modified_gmt":"2025-01-21T17:30:35","slug":"przewod-spiralny-pu-kpl-okucia-bez-obrotu-z-oslona","status":"publish","type":"product","link":"https:\/\/betarom-fastening.ro\/pl\/produkt\/przewod-spiralny-pu-kpl-okucia-bez-obrotu-z-oslona\/","title":{"rendered":"Przew\u00f3d spiralny PU kpl. (okucia bez obrotu) z os\u0142on\u0105"},"content":{"rendered":"","protected":false},"excerpt":{"rendered":"Wysokiej jako\u015bci przewody spiralne, wykonane z poliuretanu, wyposa\u017cone w z\u0142\u0105czki bez obrotu z gumowym zabezpieczeniem oraz szybkoz\u0142\u0105czem i wtyczk\u0105.\r\n\r\nZobacz dost\u0119pne wymiary w tabelce: Dane techniczne\r\n\r\n<div class=\"wp-block-button\"><a class=\"wp-block-button__link wp-element-button\" target=\"_blank\" href=\"https:\/\/betarom-fastening.ro\/system\/akcesoria2.php?kat_id=6\" rel=\"noopener\">Przejd\u017a do zam\u00f3wienia cz\u0119\u015bci<\/a><\/div>\r\n\r\n","protected":false},"featured_media":4225,"comment_status":"open","ping_status":"closed","template":"","meta":{"inline_featured_image":false},"product_brand":[],"product_cat":[369],"product_tag":[],"branze":[],"class_list":{"0":"post-4110","1":"product","2":"type-product","3":"status-publish","4":"has-post-thumbnail","6":"product_cat-przewody-do-sprezonego-powietrza","8":"first","9":"instock","10":"shipping-taxable","11":"product-type-simple"},"acf":[],"_links":{"self":[{"href":"https:\/\/betarom-fastening.ro\/pl\/wp-json\/wp\/v2\/product\/4110","targetHints":{"allow":["GET"]}}],"collection":[{"href":"https:\/\/betarom-fastening.ro\/pl\/wp-json\/wp\/v2\/product"}],"about":[{"href":"https:\/\/betarom-fastening.ro\/pl\/wp-json\/wp\/v2\/types\/product"}],"replies":[{"embeddable":true,"href":"https:\/\/betarom-fastening.ro\/pl\/wp-json\/wp\/v2\/comments?post=4110"}],"wp:featuredmedia":[{"embeddable":true,"href":"https:\/\/betarom-fastening.ro\/pl\/wp-json\/wp\/v2\/media\/4225"}],"wp:attachment":[{"href":"https:\/\/betarom-fastening.ro\/pl\/wp-json\/wp\/v2\/media?parent=4110"}],"wp:term":[{"taxonomy":"product_brand","embeddable":true,"href":"https:\/\/betarom-fastening.ro\/pl\/wp-json\/wp\/v2\/product_brand?post=4110"},{"taxonomy":"product_cat","embeddable":true,"href":"https:\/\/betarom-fastening.ro\/pl\/wp-json\/wp\/v2\/product_cat?post=4110"},{"taxonomy":"product_tag","embeddable":true,"href":"https:\/\/betarom-fastening.ro\/pl\/wp-json\/wp\/v2\/product_tag?post=4110"},{"taxonomy":"branze","embeddable":true,"href":"https:\/\/betarom-fastening.ro\/pl\/wp-json\/wp\/v2\/branze?post=4110"}],"curies":[{"name":"wp","href":"https:\/\/api.w.org\/{rel}","templated":true}]}}