{"id":4040,"date":"2023-11-09T09:45:47","date_gmt":"2023-11-09T09:45:47","guid":{"rendered":"http:\/\/test.betarom-fastening.ro\/?post_type=product&#038;p=4040"},"modified":"2024-11-14T13:01:40","modified_gmt":"2024-11-14T13:01:40","slug":"groty-bity-t-torx-specjalne","status":"publish","type":"product","link":"https:\/\/betarom-fastening.ro\/pl\/produkt\/groty-bity-t-torx-specjalne\/","title":{"rendered":"Groty &#8211; Bity T &#8211; Torx (specjalne)"},"content":{"rendered":"","protected":false},"excerpt":{"rendered":"<strong>Groty z magnesem i dwustronne<\/strong> wykonane s\u0105 z najwy\u017cszej jako\u015bci stali narz\u0119dziowej (S2).\r\n\r\nPo\u0142\u0105czenie wysokiej jako\u015bci materia\u0142u oraz metody obr\u00f3bki grot\u00f3w pozwala na osi\u0105gni\u0119cie du\u017cej trwa\u0142o\u015bci ko\u0144c\u00f3wki.\r\n\r\nSprzeda\u017c na sztuki bez pude\u0142ek\r\n\r\nZobacz rodzaje grot\u00f3w w tabelce: Dane techniczne\r\n\r\n<div class=\"wp-block-button\"><a class=\"wp-block-button__link wp-element-button\" target=\"_blank\" href=\"https:\/\/betarom-fastening.ro\/system\/grot.php\" rel=\"noopener\">Przejd\u017a do zam\u00f3wienia cz\u0119\u015bci<\/a><\/div>","protected":false},"featured_media":4041,"comment_status":"open","ping_status":"closed","template":"","meta":{"inline_featured_image":false},"product_brand":[],"product_cat":[377],"product_tag":[],"branze":[],"class_list":{"0":"post-4040","1":"product","2":"type-product","3":"status-publish","4":"has-post-thumbnail","6":"product_cat-groty-bity-i-uchwyty","8":"first","9":"instock","10":"shipping-taxable","11":"product-type-simple"},"acf":[],"_links":{"self":[{"href":"https:\/\/betarom-fastening.ro\/pl\/wp-json\/wp\/v2\/product\/4040","targetHints":{"allow":["GET"]}}],"collection":[{"href":"https:\/\/betarom-fastening.ro\/pl\/wp-json\/wp\/v2\/product"}],"about":[{"href":"https:\/\/betarom-fastening.ro\/pl\/wp-json\/wp\/v2\/types\/product"}],"replies":[{"embeddable":true,"href":"https:\/\/betarom-fastening.ro\/pl\/wp-json\/wp\/v2\/comments?post=4040"}],"wp:featuredmedia":[{"embeddable":true,"href":"https:\/\/betarom-fastening.ro\/pl\/wp-json\/wp\/v2\/media\/4041"}],"wp:attachment":[{"href":"https:\/\/betarom-fastening.ro\/pl\/wp-json\/wp\/v2\/media?parent=4040"}],"wp:term":[{"taxonomy":"product_brand","embeddable":true,"href":"https:\/\/betarom-fastening.ro\/pl\/wp-json\/wp\/v2\/product_brand?post=4040"},{"taxonomy":"product_cat","embeddable":true,"href":"https:\/\/betarom-fastening.ro\/pl\/wp-json\/wp\/v2\/product_cat?post=4040"},{"taxonomy":"product_tag","embeddable":true,"href":"https:\/\/betarom-fastening.ro\/pl\/wp-json\/wp\/v2\/product_tag?post=4040"},{"taxonomy":"branze","embeddable":true,"href":"https:\/\/betarom-fastening.ro\/pl\/wp-json\/wp\/v2\/branze?post=4040"}],"curies":[{"name":"wp","href":"https:\/\/api.w.org\/{rel}","templated":true}]}}