{"id":3935,"date":"2023-11-06T11:56:49","date_gmt":"2023-11-06T11:56:49","guid":{"rendered":"http:\/\/test.betarom-fastening.ro\/?post_type=product&#038;p=3935"},"modified":"2024-11-14T12:58:54","modified_gmt":"2024-11-14T12:58:54","slug":"pneumatyczna-szlifierka-oscylacyjna-bizon-osp-127-5","status":"publish","type":"product","link":"https:\/\/betarom-fastening.ro\/pl\/produkt\/pneumatyczna-szlifierka-oscylacyjna-bizon-osp-127-5\/","title":{"rendered":"Pneumatyczna szlifierka oscylacyjna BIZON OSP-127-5"},"content":{"rendered":"","protected":false},"excerpt":{"rendered":"Model OSP bez odsysania py\u0142u, do tarcz z p\u0142\u00f3tna\/papieru \u015bciernego bez otwor\u00f3w stosowane szczeg\u00f3lnie do obr\u00f3bki kraw\u0119dzi, gdzie wyst\u0119puje ma\u0142e zapylenie a \u017cywotno\u015b\u0107 tarczy bez otwor\u00f3w znacznie wzrasta.","protected":false},"featured_media":3936,"comment_status":"open","ping_status":"closed","template":"","meta":{"inline_featured_image":false},"product_brand":[],"product_cat":[376],"product_tag":[],"branze":[],"class_list":{"0":"post-3935","1":"product","2":"type-product","3":"status-publish","4":"has-post-thumbnail","6":"product_cat-szlifierki","8":"first","9":"instock","10":"shipping-taxable","11":"product-type-simple"},"acf":[],"_links":{"self":[{"href":"https:\/\/betarom-fastening.ro\/pl\/wp-json\/wp\/v2\/product\/3935","targetHints":{"allow":["GET"]}}],"collection":[{"href":"https:\/\/betarom-fastening.ro\/pl\/wp-json\/wp\/v2\/product"}],"about":[{"href":"https:\/\/betarom-fastening.ro\/pl\/wp-json\/wp\/v2\/types\/product"}],"replies":[{"embeddable":true,"href":"https:\/\/betarom-fastening.ro\/pl\/wp-json\/wp\/v2\/comments?post=3935"}],"wp:featuredmedia":[{"embeddable":true,"href":"https:\/\/betarom-fastening.ro\/pl\/wp-json\/wp\/v2\/media\/3936"}],"wp:attachment":[{"href":"https:\/\/betarom-fastening.ro\/pl\/wp-json\/wp\/v2\/media?parent=3935"}],"wp:term":[{"taxonomy":"product_brand","embeddable":true,"href":"https:\/\/betarom-fastening.ro\/pl\/wp-json\/wp\/v2\/product_brand?post=3935"},{"taxonomy":"product_cat","embeddable":true,"href":"https:\/\/betarom-fastening.ro\/pl\/wp-json\/wp\/v2\/product_cat?post=3935"},{"taxonomy":"product_tag","embeddable":true,"href":"https:\/\/betarom-fastening.ro\/pl\/wp-json\/wp\/v2\/product_tag?post=3935"},{"taxonomy":"branze","embeddable":true,"href":"https:\/\/betarom-fastening.ro\/pl\/wp-json\/wp\/v2\/branze?post=3935"}],"curies":[{"name":"wp","href":"https:\/\/api.w.org\/{rel}","templated":true}]}}