{"id":3916,"date":"2023-11-06T09:50:47","date_gmt":"2023-11-06T09:50:47","guid":{"rendered":"http:\/\/test.betarom-fastening.ro\/?post_type=product&#038;p=3916"},"modified":"2024-11-14T12:56:56","modified_gmt":"2024-11-14T12:56:56","slug":"pneumatyczny-klucz-katowy-bizon-bb95-3-8","status":"publish","type":"product","link":"https:\/\/betarom-fastening.ro\/pl\/produkt\/pneumatyczny-klucz-katowy-bizon-bb95-3-8\/","title":{"rendered":"Pneumatyczny klucz k\u0105towy BIZON BB95 3\/8&#8243;"},"content":{"rendered":"","protected":false},"excerpt":{"rendered":"Znakomity do prac monta\u017cowych w meblarstwie.\r\n\r\n<div class=\"wp-block-button\"><a class=\"wp-block-button__link wp-element-button\" target=\"_blank\" href=\"https:\/\/betarom-fastening.ro\/system\/schemat.php?urzadzenie=BIZON BB-95 3x8\" rel=\"noopener\">Zam\u00f3w cz\u0119\u015bci zamienne<\/a><\/div>","protected":false},"featured_media":3917,"comment_status":"open","ping_status":"closed","template":"","meta":{"inline_featured_image":false},"product_brand":[],"product_cat":[375],"product_tag":[],"branze":[],"class_list":{"0":"post-3916","1":"product","2":"type-product","3":"status-publish","4":"has-post-thumbnail","6":"product_cat-klucze-katowe","8":"first","9":"instock","10":"shipping-taxable","11":"product-type-simple"},"acf":[],"_links":{"self":[{"href":"https:\/\/betarom-fastening.ro\/pl\/wp-json\/wp\/v2\/product\/3916","targetHints":{"allow":["GET"]}}],"collection":[{"href":"https:\/\/betarom-fastening.ro\/pl\/wp-json\/wp\/v2\/product"}],"about":[{"href":"https:\/\/betarom-fastening.ro\/pl\/wp-json\/wp\/v2\/types\/product"}],"replies":[{"embeddable":true,"href":"https:\/\/betarom-fastening.ro\/pl\/wp-json\/wp\/v2\/comments?post=3916"}],"wp:featuredmedia":[{"embeddable":true,"href":"https:\/\/betarom-fastening.ro\/pl\/wp-json\/wp\/v2\/media\/3917"}],"wp:attachment":[{"href":"https:\/\/betarom-fastening.ro\/pl\/wp-json\/wp\/v2\/media?parent=3916"}],"wp:term":[{"taxonomy":"product_brand","embeddable":true,"href":"https:\/\/betarom-fastening.ro\/pl\/wp-json\/wp\/v2\/product_brand?post=3916"},{"taxonomy":"product_cat","embeddable":true,"href":"https:\/\/betarom-fastening.ro\/pl\/wp-json\/wp\/v2\/product_cat?post=3916"},{"taxonomy":"product_tag","embeddable":true,"href":"https:\/\/betarom-fastening.ro\/pl\/wp-json\/wp\/v2\/product_tag?post=3916"},{"taxonomy":"branze","embeddable":true,"href":"https:\/\/betarom-fastening.ro\/pl\/wp-json\/wp\/v2\/branze?post=3916"}],"curies":[{"name":"wp","href":"https:\/\/api.w.org\/{rel}","templated":true}]}}