{"id":3914,"date":"2023-11-06T09:46:22","date_gmt":"2023-11-06T09:46:22","guid":{"rendered":"http:\/\/test.betarom-fastening.ro\/?post_type=product&#038;p=3914"},"modified":"2024-11-14T12:56:40","modified_gmt":"2024-11-14T12:56:40","slug":"pneumatyczny-klucz-katowy-bizon-bb34","status":"publish","type":"product","link":"https:\/\/betarom-fastening.ro\/pl\/produkt\/pneumatyczny-klucz-katowy-bizon-bb34\/","title":{"rendered":"Pneumatyczny klucz k\u0105towy BIZON BB34"},"content":{"rendered":"","protected":false},"excerpt":{"rendered":"Znakomity do prac monta\u017cowych w meblarstwie.\r\n\r\n<div class=\"wp-block-button\"><a class=\"wp-block-button__link wp-element-button\" target=\"_blank\" href=\"https:\/\/betarom-fastening.ro\/system\/schemat.php?urzadzenie=BIZON BB-34 1x4\" rel=\"noopener\">Zam\u00f3w cz\u0119\u015bci zamienne<\/a><\/div>","protected":false},"featured_media":3915,"comment_status":"open","ping_status":"closed","template":"","meta":{"inline_featured_image":false},"product_brand":[],"product_cat":[375],"product_tag":[],"branze":[],"class_list":{"0":"post-3914","1":"product","2":"type-product","3":"status-publish","4":"has-post-thumbnail","6":"product_cat-klucze-katowe","8":"first","9":"instock","10":"shipping-taxable","11":"product-type-simple"},"acf":[],"_links":{"self":[{"href":"https:\/\/betarom-fastening.ro\/pl\/wp-json\/wp\/v2\/product\/3914","targetHints":{"allow":["GET"]}}],"collection":[{"href":"https:\/\/betarom-fastening.ro\/pl\/wp-json\/wp\/v2\/product"}],"about":[{"href":"https:\/\/betarom-fastening.ro\/pl\/wp-json\/wp\/v2\/types\/product"}],"replies":[{"embeddable":true,"href":"https:\/\/betarom-fastening.ro\/pl\/wp-json\/wp\/v2\/comments?post=3914"}],"wp:featuredmedia":[{"embeddable":true,"href":"https:\/\/betarom-fastening.ro\/pl\/wp-json\/wp\/v2\/media\/3915"}],"wp:attachment":[{"href":"https:\/\/betarom-fastening.ro\/pl\/wp-json\/wp\/v2\/media?parent=3914"}],"wp:term":[{"taxonomy":"product_brand","embeddable":true,"href":"https:\/\/betarom-fastening.ro\/pl\/wp-json\/wp\/v2\/product_brand?post=3914"},{"taxonomy":"product_cat","embeddable":true,"href":"https:\/\/betarom-fastening.ro\/pl\/wp-json\/wp\/v2\/product_cat?post=3914"},{"taxonomy":"product_tag","embeddable":true,"href":"https:\/\/betarom-fastening.ro\/pl\/wp-json\/wp\/v2\/product_tag?post=3914"},{"taxonomy":"branze","embeddable":true,"href":"https:\/\/betarom-fastening.ro\/pl\/wp-json\/wp\/v2\/branze?post=3914"}],"curies":[{"name":"wp","href":"https:\/\/api.w.org\/{rel}","templated":true}]}}