{"id":2507,"date":"2023-05-05T15:49:17","date_gmt":"2023-05-05T15:49:17","guid":{"rendered":"http:\/\/test.betarom-fastening.ro\/?post_type=product&#038;p=2507"},"modified":"2024-11-18T09:14:24","modified_gmt":"2024-11-18T09:14:24","slug":"pistolet-do-kleju-tec-7300-vac-tac","status":"publish","type":"product","link":"https:\/\/betarom-fastening.ro\/pl\/produkt\/pistolet-do-kleju-tec-7300-vac-tac\/","title":{"rendered":"Pistolet do kleju TEC 7300 VAC-TAC"},"content":{"rendered":"","protected":false},"excerpt":{"rendered":"Przemys\u0142owy pistolet do natrysku klej\u00f3w VAC-TAC oraz SP.\r\n\r\nPistolety w zestawach VAC-TAC wyposa\u017cone s\u0105 w przed\u0142u\u017cacz 12 mb, dwa przewody pneumatyczny i elektryczny ze z\u0142\u0105czami.\r\n\r\nTEC7300VAC-TAC wyposa\u017cony w pojemnik na dwa dodatkowe wk\u0142ady kleju w celu bardzo szybkiego \u0142adowanie kolejnych wk\u0142ad\u00f3w do komory topienia.\r\n\r\nPneumatyczne podawanie i natrysk kleju","protected":false},"featured_media":2508,"comment_status":"open","ping_status":"closed","template":"","meta":{"inline_featured_image":false},"product_brand":[],"product_cat":[411],"product_tag":[],"branze":[],"class_list":{"0":"post-2507","1":"product","2":"type-product","3":"status-publish","4":"has-post-thumbnail","6":"product_cat-pistolety-do-wkladow-o43-mm","8":"first","9":"instock","10":"shipping-taxable","11":"product-type-simple"},"acf":[],"_links":{"self":[{"href":"https:\/\/betarom-fastening.ro\/pl\/wp-json\/wp\/v2\/product\/2507","targetHints":{"allow":["GET"]}}],"collection":[{"href":"https:\/\/betarom-fastening.ro\/pl\/wp-json\/wp\/v2\/product"}],"about":[{"href":"https:\/\/betarom-fastening.ro\/pl\/wp-json\/wp\/v2\/types\/product"}],"replies":[{"embeddable":true,"href":"https:\/\/betarom-fastening.ro\/pl\/wp-json\/wp\/v2\/comments?post=2507"}],"wp:featuredmedia":[{"embeddable":true,"href":"https:\/\/betarom-fastening.ro\/pl\/wp-json\/wp\/v2\/media\/2508"}],"wp:attachment":[{"href":"https:\/\/betarom-fastening.ro\/pl\/wp-json\/wp\/v2\/media?parent=2507"}],"wp:term":[{"taxonomy":"product_brand","embeddable":true,"href":"https:\/\/betarom-fastening.ro\/pl\/wp-json\/wp\/v2\/product_brand?post=2507"},{"taxonomy":"product_cat","embeddable":true,"href":"https:\/\/betarom-fastening.ro\/pl\/wp-json\/wp\/v2\/product_cat?post=2507"},{"taxonomy":"product_tag","embeddable":true,"href":"https:\/\/betarom-fastening.ro\/pl\/wp-json\/wp\/v2\/product_tag?post=2507"},{"taxonomy":"branze","embeddable":true,"href":"https:\/\/betarom-fastening.ro\/pl\/wp-json\/wp\/v2\/branze?post=2507"}],"curies":[{"name":"wp","href":"https:\/\/api.w.org\/{rel}","templated":true}]}}